{"id":653,"date":"2021-04-21T11:45:02","date_gmt":"2021-04-21T15:45:02","guid":{"rendered":"http:\/\/anamariavientos.com\/es\/?page_id=653"},"modified":"2026-02-23T09:02:44","modified_gmt":"2026-02-23T13:02:44","slug":"podcast","status":"publish","type":"page","link":"https:\/\/anamariavientos.com\/es\/podcast\/","title":{"rendered":"PODCAST"},"content":{"rendered":"\t\t<div data-elementor-type=\"wp-page\" data-elementor-id=\"653\" class=\"elementor elementor-653\">\n\t\t\t\t\t\t<section class=\"elementor-section elementor-top-section elementor-element elementor-element-de136da elementor-section-boxed elementor-section-height-default elementor-section-height-default\" data-id=\"de136da\" data-element_type=\"section\" data-e-type=\"section\">\n\t\t\t\t\t\t<div class=\"elementor-container elementor-column-gap-default\">\n\t\t\t\t\t<div class=\"elementor-column elementor-col-100 elementor-top-column elementor-element elementor-element-87815f2\" data-id=\"87815f2\" data-element_type=\"column\" data-e-type=\"column\">\n\t\t\t<div class=\"elementor-widget-wrap elementor-element-populated\">\n\t\t\t\t\t\t<div class=\"elementor-element elementor-element-cff79f2 elementor-widget elementor-widget-text-editor\" data-id=\"cff79f2\" data-element_type=\"widget\" data-e-type=\"widget\" data-widget_type=\"text-editor.default\">\n\t\t\t\t<div class=\"elementor-widget-container\">\n\t\t\t\t\t\t\t\t\t<p><span style=\"font-size: 14pt; font-family: 'trebuchet ms', geneva, sans-serif; color: #000000;\">Queridos amigos, les invito a sumarse a mi nuevo formato de comunicaci\u00f3n estar\u00e9 compartiendo en diferentes plataformas mi nuevo <span style=\"color: #e39696;\">Podcast.<\/span> Tocar\u00e9 temas que te ayudar\u00e1n a crecer y reflexionar. Me encantar\u00eda poder contarte entre mis amigos en las redes!\u00a0<\/span><\/p>\t\t\t\t\t\t\t\t<\/div>\n\t\t\t\t<\/div>\n\t\t\t\t\t<\/div>\n\t\t<\/div>\n\t\t\t\t\t<\/div>\n\t\t<\/section>\n\t\t\t\t<section class=\"elementor-section elementor-top-section elementor-element elementor-element-1d05410 elementor-section-boxed elementor-section-height-default elementor-section-height-default\" data-id=\"1d05410\" data-element_type=\"section\" data-e-type=\"section\">\n\t\t\t\t\t\t<div class=\"elementor-container elementor-column-gap-default\">\n\t\t\t\t\t<div class=\"elementor-column elementor-col-66 elementor-top-column elementor-element elementor-element-c6dbcd3\" data-id=\"c6dbcd3\" data-element_type=\"column\" data-e-type=\"column\">\n\t\t\t<div class=\"elementor-widget-wrap elementor-element-populated\">\n\t\t\t\t\t\t<div class=\"elementor-element elementor-element-d1760ef elementor-widget elementor-widget-wp-widget-wpforms-widget\" data-id=\"d1760ef\" data-element_type=\"widget\" data-e-type=\"widget\" data-widget_type=\"wp-widget-wpforms-widget.default\">\n\t\t\t\t<div class=\"elementor-widget-container\">\n\t\t\t\t\t<h5>PODCAST<\/h5><div class=\"wpforms-container wpforms-container-full\" id=\"wpforms-657\"><form id=\"wpforms-form-657\" class=\"wpforms-validate wpforms-form\" data-formid=\"657\" method=\"post\" enctype=\"multipart\/form-data\" action=\"\/es\/wp-json\/wp\/v2\/pages\/653\" data-token=\"d332d03fac77cf429f9c1376a5867954\" data-token-time=\"1778489175\"><noscript class=\"wpforms-error-noscript\">Por favor, activa JavaScript en tu navegador para completar este formulario.<\/noscript><div class=\"wpforms-field-container\"><div id=\"wpforms-657-field_0-container\" class=\"wpforms-field wpforms-field-name\" data-field-id=\"0\"><label class=\"wpforms-field-label\">Nombre <span class=\"wpforms-required-label\">*<\/span><\/label><div class=\"wpforms-field-row wpforms-field-medium\"><div class=\"wpforms-field-row-block wpforms-first wpforms-one-half\"><input type=\"text\" id=\"wpforms-657-field_0\" class=\"wpforms-field-name-first wpforms-field-required\" name=\"wpforms[fields][0][first]\" required><label for=\"wpforms-657-field_0\" class=\"wpforms-field-sublabel after\">Nombre<\/label><\/div><div class=\"wpforms-field-row-block wpforms-one-half\"><input type=\"text\" id=\"wpforms-657-field_0-last\" class=\"wpforms-field-name-last wpforms-field-required\" name=\"wpforms[fields][0][last]\" required><label for=\"wpforms-657-field_0-last\" class=\"wpforms-field-sublabel after\">Apellidos<\/label><\/div><\/div><\/div><div id=\"wpforms-657-field_2-container\" class=\"wpforms-field wpforms-field-text\" data-field-id=\"2\"><label class=\"wpforms-field-label\" for=\"wpforms-657-field_2\">Pais <span class=\"wpforms-required-label\">*<\/span><\/label><input type=\"text\" id=\"wpforms-657-field_2\" class=\"wpforms-field-medium wpforms-field-required\" name=\"wpforms[fields][2]\" required><\/div><div id=\"wpforms-657-field_1-container\" class=\"wpforms-field wpforms-field-email\" data-field-id=\"1\"><label class=\"wpforms-field-label\" for=\"wpforms-657-field_1\">Correo electr\u00f3nico <span class=\"wpforms-required-label\">*<\/span><\/label><input type=\"email\" id=\"wpforms-657-field_1\" class=\"wpforms-field-medium wpforms-field-required\" name=\"wpforms[fields][1]\" spellcheck=\"false\" required><\/div><\/div><!-- .wpforms-field-container --><div class=\"wpforms-submit-container\" ><input type=\"hidden\" name=\"wpforms[id]\" value=\"657\"><input type=\"hidden\" name=\"page_title\" value=\"\"><input type=\"hidden\" name=\"page_url\" value=\"https:\/\/anamariavientos.com\/es\/wp-json\/wp\/v2\/pages\/653\"><input type=\"hidden\" name=\"url_referer\" value=\"\"><button type=\"submit\" name=\"wpforms[submit]\" id=\"wpforms-submit-657\" class=\"wpforms-submit\" data-alt-text=\"Enviando...\" data-submit-text=\"Enviar\" aria-live=\"assertive\" value=\"wpforms-submit\">Enviar<\/button><\/div><\/form><\/div>  <!-- .wpforms-container -->\t\t\t\t<\/div>\n\t\t\t\t<\/div>\n\t\t\t\t\t<\/div>\n\t\t<\/div>\n\t\t\t\t<div class=\"elementor-column elementor-col-33 elementor-top-column elementor-element elementor-element-2a4ac1e\" data-id=\"2a4ac1e\" data-element_type=\"column\" data-e-type=\"column\">\n\t\t\t<div class=\"elementor-widget-wrap elementor-element-populated\">\n\t\t\t\t\t\t<div class=\"elementor-element elementor-element-d29ca84 elementor-widget elementor-widget-image\" data-id=\"d29ca84\" data-element_type=\"widget\" data-e-type=\"widget\" data-widget_type=\"image.default\">\n\t\t\t\t<div class=\"elementor-widget-container\">\n\t\t\t\t\t\t\t\t\t\t\t\t\t\t\t<img fetchpriority=\"high\" decoding=\"async\" width=\"660\" height=\"825\" src=\"https:\/\/anamariavientos.com\/es\/wp-content\/uploads\/2026\/02\/x1.png\" class=\"attachment-large size-large wp-image-2200\" alt=\"\" srcset=\"https:\/\/anamariavientos.com\/es\/wp-content\/uploads\/2026\/02\/x1.png 660w, https:\/\/anamariavientos.com\/es\/wp-content\/uploads\/2026\/02\/x1-240x300.png 240w\" sizes=\"(max-width: 660px) 100vw, 660px\" \/>\t\t\t\t\t\t\t\t\t\t\t\t\t\t\t<\/div>\n\t\t\t\t<\/div>\n\t\t\t\t\t<\/div>\n\t\t<\/div>\n\t\t\t\t\t<\/div>\n\t\t<\/section>\n\t\t\t\t<\/div>\n\t\t","protected":false},"excerpt":{"rendered":"<p>Queridos amigos, les invito a sumarse a mi nuevo formato de comunicaci\u00f3n estar\u00e9 compartiendo en diferentes plataformas mi nuevo Podcast. Tocar\u00e9 temas que te ayudar\u00e1n a crecer y reflexionar. Me encantar\u00eda poder contarte entre mis amigos en las redes!\u00a0<\/p>\n","protected":false},"author":1,"featured_media":0,"parent":0,"menu_order":0,"comment_status":"closed","ping_status":"closed","template":"elementor_theme","meta":{"footnotes":""},"class_list":["post-653","page","type-page","status-publish","hentry"],"yoast_head":"<!-- This site is optimized with the Yoast SEO plugin v26.8 - https:\/\/yoast.com\/product\/yoast-seo-wordpress\/ -->\n<title>PODCAST - Ana Maria Vientos<\/title>\n<meta name=\"robots\" content=\"index, follow, max-snippet:-1, max-image-preview:large, max-video-preview:-1\" \/>\n<link rel=\"canonical\" href=\"https:\/\/anamariavientos.com\/es\/podcast\/\" \/>\n<meta property=\"og:locale\" content=\"es_ES\" \/>\n<meta property=\"og:type\" content=\"article\" \/>\n<meta property=\"og:title\" content=\"PODCAST - Ana Maria Vientos\" \/>\n<meta property=\"og:description\" content=\"Queridos amigos, les invito a sumarse a mi nuevo formato de comunicaci\u00f3n estar\u00e9 compartiendo en diferentes plataformas mi nuevo Podcast. Tocar\u00e9 temas que te ayudar\u00e1n a crecer y reflexionar. Me encantar\u00eda poder contarte entre mis amigos en las redes!\u00a0\" \/>\n<meta property=\"og:url\" content=\"https:\/\/anamariavientos.com\/es\/podcast\/\" \/>\n<meta property=\"og:site_name\" content=\"Ana Maria Vientos\" \/>\n<meta property=\"article:modified_time\" content=\"2026-02-23T13:02:44+00:00\" \/>\n<meta property=\"og:image\" content=\"https:\/\/anamariavientos.com\/es\/wp-content\/uploads\/2026\/02\/x1.png\" \/>\n\t<meta property=\"og:image:width\" content=\"660\" \/>\n\t<meta property=\"og:image:height\" content=\"825\" \/>\n\t<meta property=\"og:image:type\" content=\"image\/png\" \/>\n<meta name=\"twitter:card\" content=\"summary_large_image\" \/>\n<meta name=\"twitter:label1\" content=\"Tiempo de lectura\" \/>\n\t<meta name=\"twitter:data1\" content=\"1 minuto\" \/>\n<script type=\"application\/ld+json\" class=\"yoast-schema-graph\">{\"@context\":\"https:\/\/schema.org\",\"@graph\":[{\"@type\":\"WebPage\",\"@id\":\"https:\/\/anamariavientos.com\/es\/podcast\/\",\"url\":\"https:\/\/anamariavientos.com\/es\/podcast\/\",\"name\":\"PODCAST - Ana Maria Vientos\",\"isPartOf\":{\"@id\":\"https:\/\/anamariavientos.com\/es\/#website\"},\"primaryImageOfPage\":{\"@id\":\"https:\/\/anamariavientos.com\/es\/podcast\/#primaryimage\"},\"image\":{\"@id\":\"https:\/\/anamariavientos.com\/es\/podcast\/#primaryimage\"},\"thumbnailUrl\":\"https:\/\/anamariavientos.com\/es\/wp-content\/uploads\/2026\/02\/x1.png\",\"datePublished\":\"2021-04-21T15:45:02+00:00\",\"dateModified\":\"2026-02-23T13:02:44+00:00\",\"breadcrumb\":{\"@id\":\"https:\/\/anamariavientos.com\/es\/podcast\/#breadcrumb\"},\"inLanguage\":\"es\",\"potentialAction\":[{\"@type\":\"ReadAction\",\"target\":[\"https:\/\/anamariavientos.com\/es\/podcast\/\"]}]},{\"@type\":\"ImageObject\",\"inLanguage\":\"es\",\"@id\":\"https:\/\/anamariavientos.com\/es\/podcast\/#primaryimage\",\"url\":\"https:\/\/anamariavientos.com\/es\/wp-content\/uploads\/2026\/02\/x1.png\",\"contentUrl\":\"https:\/\/anamariavientos.com\/es\/wp-content\/uploads\/2026\/02\/x1.png\",\"width\":660,\"height\":825},{\"@type\":\"BreadcrumbList\",\"@id\":\"https:\/\/anamariavientos.com\/es\/podcast\/#breadcrumb\",\"itemListElement\":[{\"@type\":\"ListItem\",\"position\":1,\"name\":\"Portada\",\"item\":\"https:\/\/anamariavientos.com\/es\/\"},{\"@type\":\"ListItem\",\"position\":2,\"name\":\"PODCAST\"}]},{\"@type\":\"WebSite\",\"@id\":\"https:\/\/anamariavientos.com\/es\/#website\",\"url\":\"https:\/\/anamariavientos.com\/es\/\",\"name\":\"Ana Maria Vientos\",\"description\":\"MINISTRIES\",\"publisher\":{\"@id\":\"https:\/\/anamariavientos.com\/es\/#organization\"},\"potentialAction\":[{\"@type\":\"SearchAction\",\"target\":{\"@type\":\"EntryPoint\",\"urlTemplate\":\"https:\/\/anamariavientos.com\/es\/?s={search_term_string}\"},\"query-input\":{\"@type\":\"PropertyValueSpecification\",\"valueRequired\":true,\"valueName\":\"search_term_string\"}}],\"inLanguage\":\"es\"},{\"@type\":\"Organization\",\"@id\":\"https:\/\/anamariavientos.com\/es\/#organization\",\"name\":\"Ana Maria Vientos\",\"url\":\"https:\/\/anamariavientos.com\/es\/\",\"logo\":{\"@type\":\"ImageObject\",\"inLanguage\":\"es\",\"@id\":\"https:\/\/anamariavientos.com\/es\/#\/schema\/logo\/image\/\",\"url\":\"\",\"contentUrl\":\"\",\"caption\":\"Ana Maria Vientos\"},\"image\":{\"@id\":\"https:\/\/anamariavientos.com\/es\/#\/schema\/logo\/image\/\"}}]}<\/script>\n<!-- \/ Yoast SEO plugin. -->","yoast_head_json":{"title":"PODCAST - Ana Maria Vientos","robots":{"index":"index","follow":"follow","max-snippet":"max-snippet:-1","max-image-preview":"max-image-preview:large","max-video-preview":"max-video-preview:-1"},"canonical":"https:\/\/anamariavientos.com\/es\/podcast\/","og_locale":"es_ES","og_type":"article","og_title":"PODCAST - Ana Maria Vientos","og_description":"Queridos amigos, les invito a sumarse a mi nuevo formato de comunicaci\u00f3n estar\u00e9 compartiendo en diferentes plataformas mi nuevo Podcast. Tocar\u00e9 temas que te ayudar\u00e1n a crecer y reflexionar. Me encantar\u00eda poder contarte entre mis amigos en las redes!\u00a0","og_url":"https:\/\/anamariavientos.com\/es\/podcast\/","og_site_name":"Ana Maria Vientos","article_modified_time":"2026-02-23T13:02:44+00:00","og_image":[{"width":660,"height":825,"url":"https:\/\/anamariavientos.com\/es\/wp-content\/uploads\/2026\/02\/x1.png","type":"image\/png"}],"twitter_card":"summary_large_image","twitter_misc":{"Tiempo de lectura":"1 minuto"},"schema":{"@context":"https:\/\/schema.org","@graph":[{"@type":"WebPage","@id":"https:\/\/anamariavientos.com\/es\/podcast\/","url":"https:\/\/anamariavientos.com\/es\/podcast\/","name":"PODCAST - Ana Maria Vientos","isPartOf":{"@id":"https:\/\/anamariavientos.com\/es\/#website"},"primaryImageOfPage":{"@id":"https:\/\/anamariavientos.com\/es\/podcast\/#primaryimage"},"image":{"@id":"https:\/\/anamariavientos.com\/es\/podcast\/#primaryimage"},"thumbnailUrl":"https:\/\/anamariavientos.com\/es\/wp-content\/uploads\/2026\/02\/x1.png","datePublished":"2021-04-21T15:45:02+00:00","dateModified":"2026-02-23T13:02:44+00:00","breadcrumb":{"@id":"https:\/\/anamariavientos.com\/es\/podcast\/#breadcrumb"},"inLanguage":"es","potentialAction":[{"@type":"ReadAction","target":["https:\/\/anamariavientos.com\/es\/podcast\/"]}]},{"@type":"ImageObject","inLanguage":"es","@id":"https:\/\/anamariavientos.com\/es\/podcast\/#primaryimage","url":"https:\/\/anamariavientos.com\/es\/wp-content\/uploads\/2026\/02\/x1.png","contentUrl":"https:\/\/anamariavientos.com\/es\/wp-content\/uploads\/2026\/02\/x1.png","width":660,"height":825},{"@type":"BreadcrumbList","@id":"https:\/\/anamariavientos.com\/es\/podcast\/#breadcrumb","itemListElement":[{"@type":"ListItem","position":1,"name":"Portada","item":"https:\/\/anamariavientos.com\/es\/"},{"@type":"ListItem","position":2,"name":"PODCAST"}]},{"@type":"WebSite","@id":"https:\/\/anamariavientos.com\/es\/#website","url":"https:\/\/anamariavientos.com\/es\/","name":"Ana Maria Vientos","description":"MINISTRIES","publisher":{"@id":"https:\/\/anamariavientos.com\/es\/#organization"},"potentialAction":[{"@type":"SearchAction","target":{"@type":"EntryPoint","urlTemplate":"https:\/\/anamariavientos.com\/es\/?s={search_term_string}"},"query-input":{"@type":"PropertyValueSpecification","valueRequired":true,"valueName":"search_term_string"}}],"inLanguage":"es"},{"@type":"Organization","@id":"https:\/\/anamariavientos.com\/es\/#organization","name":"Ana Maria Vientos","url":"https:\/\/anamariavientos.com\/es\/","logo":{"@type":"ImageObject","inLanguage":"es","@id":"https:\/\/anamariavientos.com\/es\/#\/schema\/logo\/image\/","url":"","contentUrl":"","caption":"Ana Maria Vientos"},"image":{"@id":"https:\/\/anamariavientos.com\/es\/#\/schema\/logo\/image\/"}}]}},"jetpack_sharing_enabled":true,"_links":{"self":[{"href":"https:\/\/anamariavientos.com\/es\/wp-json\/wp\/v2\/pages\/653","targetHints":{"allow":["GET"]}}],"collection":[{"href":"https:\/\/anamariavientos.com\/es\/wp-json\/wp\/v2\/pages"}],"about":[{"href":"https:\/\/anamariavientos.com\/es\/wp-json\/wp\/v2\/types\/page"}],"author":[{"embeddable":true,"href":"https:\/\/anamariavientos.com\/es\/wp-json\/wp\/v2\/users\/1"}],"replies":[{"embeddable":true,"href":"https:\/\/anamariavientos.com\/es\/wp-json\/wp\/v2\/comments?post=653"}],"version-history":[{"count":27,"href":"https:\/\/anamariavientos.com\/es\/wp-json\/wp\/v2\/pages\/653\/revisions"}],"predecessor-version":[{"id":2204,"href":"https:\/\/anamariavientos.com\/es\/wp-json\/wp\/v2\/pages\/653\/revisions\/2204"}],"wp:attachment":[{"href":"https:\/\/anamariavientos.com\/es\/wp-json\/wp\/v2\/media?parent=653"}],"curies":[{"name":"wp","href":"https:\/\/api.w.org\/{rel}","templated":true}]}}