{"id":1847,"date":"2021-10-26T06:16:19","date_gmt":"2021-10-26T10:16:19","guid":{"rendered":"https:\/\/anamariavientos.com\/es\/?page_id=1847"},"modified":"2021-10-26T10:05:01","modified_gmt":"2021-10-26T14:05:01","slug":"en-los-zapatos-de-la-otra","status":"publish","type":"page","link":"https:\/\/anamariavientos.com\/es\/en-los-zapatos-de-la-otra\/","title":{"rendered":"En los zapatos de la otra"},"content":{"rendered":"\t\t<div data-elementor-type=\"wp-page\" data-elementor-id=\"1847\" class=\"elementor elementor-1847\">\n\t\t\t\t\t\t<section class=\"elementor-section elementor-top-section elementor-element elementor-element-5fbdbacc elementor-section-boxed elementor-section-height-default elementor-section-height-default\" data-id=\"5fbdbacc\" data-element_type=\"section\" data-e-type=\"section\">\n\t\t\t\t\t\t<div class=\"elementor-container elementor-column-gap-default\">\n\t\t\t\t\t<div class=\"elementor-column elementor-col-100 elementor-top-column elementor-element elementor-element-498c9a7c\" data-id=\"498c9a7c\" data-element_type=\"column\" data-e-type=\"column\">\n\t\t\t<div class=\"elementor-widget-wrap elementor-element-populated\">\n\t\t\t\t\t\t<div class=\"elementor-element elementor-element-5d51db81 elementor-widget elementor-widget-text-editor\" data-id=\"5d51db81\" data-element_type=\"widget\" data-e-type=\"widget\" data-widget_type=\"text-editor.default\">\n\t\t\t\t<div class=\"elementor-widget-container\">\n\t\t\t\t\t\t\t\t\t<blockquote><p><strong>Ester 1: 19 el rey dijo, den su t\u00edtulo de reina a otra que sea m\u00e1s digna que ella.<\/strong><\/p><\/blockquote><p>Es importante saber que en el reino las mujeres dignas son aquellas merecedoras de algo. Una mujer digna es decente, honorable y noble Si t\u00fa tienes estas cualidades ser\u00e1s una buena candidata para estar en un lugar donde otra no quiso estar.<\/p><p>Hay un vers\u00edculo en la biblia que dice que la reina Vasti fue repudiada, esto quiere decir que fue desechada de la presencia del rey. De igual manera hay muchas mujeres que han rechazado el llamado y Dios en estos \u00faltimos tiempos est\u00e1 incrementando su poder y su unci\u00f3n en mujeres que est\u00e1n apasionadas por su reino.<\/p><p>Observe que a la reina Vasti el rey la mando a llamar para mostrar su belleza al pueblo y a los pr\u00edncipes. Hoy en d\u00eda el rey de gloria est\u00e1 levantando mujeres hermosas con un interior sano y santo. Solo una mujer sana por dentro podr\u00e1 cumplir con su prop\u00f3sito.<\/p><blockquote><p><strong>Pida al Esp\u00edritu Santo que la sane por completo.<\/strong><\/p><\/blockquote><p>Usted necesita saber que es sana y santa y que viene de un linaje escogido para saber que se puede levantar el infierno y puede entrar en un desierto, pero al al final sabe que la victoria est\u00e1 en sus manos. Como Vasti no estaba sujeta a su esposo perdi\u00f3 la oportunidad de un reinado. Y hay muchas mujeres que han perdido la oportunidad que el cielo les a dado y otras han sido sagaces y han aprovechado.<\/p><p>\u00bfTu eres una de esas sagaces?<\/p><p>Recuerda solo las violentas arrebatan. La mujer de Dios que tiene visi\u00f3n siempre va a buscar una oportunidad. Ester no perdi\u00f3 nunca el tiempo! y no vino a criticar a Vasti ! Sino que vino con un solo enfoque que era prepararse para ir delante del rey.<\/p><p>Vengo a decirte que t\u00fa no fuiste dise\u00f1ada para criticar a otra, puede que tu amiga est\u00e9 pasando un proceso dur\u00edsimo, pasando una crisis existencial y es aqu\u00ed donde t\u00fa vas a demostrar que eres una verdadera mujer de Dios y de que estas echa.<\/p><p>Aunque otros te critiquen de los zapatos que llevas ahora (es decir la unci\u00f3n que portas, la finanza que \u00e9l te ha dado, el ministerio poderoso que tienes, un matrimonio estable) Dios te lo dio para llenar esa posici\u00f3n cuando otra la rechazo, lo que otra no valor\u00f3 usted lo tiene que apreciar.<\/p><p>Vengo a decirle a alguien que puede que hoy sea la menospreciada, la rechazada, la juzgada, pero estoy segura que se acerca su corona de gloria.<\/p><ol><li>Hay gente que criticaron a Eliseo, pero nadie tuvo el manto que \u00e9l obtuvo.<\/li><li>Hay gente que criticaron a D\u00e9bora, pero ninguna mujer tuvo tanta autoridad e influencia para ganar una guerra.<\/li><li>Hubo gente que criticaron a los disc\u00edpulos pero ninguno de ellos tuvo el privilegio de andar con Cristo.<\/li><\/ol><p>Vengo a decirles que si hubo gente que te critic\u00f3, perd\u00f3nalas porque ninguna de esas personas que \u00f1o hizo tienen lo que t\u00fa tienes, y eso es la pasi\u00f3n por el esp\u00edritu santo.<\/p><p>La mujer alm\u00e1tica, la que vive por sentimientos es la que mayormente critica, porque quiere sentirse en control y que su opini\u00f3n valga y est\u00e1s clases de mujeres nunca consiguen cumplir con su prop\u00f3sito y su asignaci\u00f3n en la tierra. El sistema religioso que muchas mujeres llevan por dentro no les permite actuar con misericordia. Por eso Hemos perdido valorar al pr\u00f3jimo, lo rechazamos, lo oprimimos, hay una exclusi\u00f3n, y falta de empat\u00eda.<\/p><p>Quiero ense\u00f1arles un poco de la empat\u00eda.<\/p><blockquote><p><strong>La empat\u00eda es la capacidad de pensar y sentir la vida interior de otra persona como si fuera la propia A todos nos gusta que nos reconozcan, sentirnos entendidos y escuchados.<\/strong><\/p><\/blockquote><p>La otra persona se debe sentir comprendida. Para empatizar con la otra persona, es necesario primero establecer una conexi\u00f3n con ella.<\/p><blockquote><p><strong>Galatas 3:3 Muchos empezaron en el esp\u00edritu y ahora est\u00e1n en la carne.<\/strong><\/p><\/blockquote><p>Una persona emp\u00e1tica no juzga. La empat\u00eda es un elemento clave de la inteligencia emocional de una mujer. Pero hoy en d\u00eda en vez de tener mujeres inteligentes emocionales , tenemos mujeres dementes emocionales e inestables<\/p><p>\u00bfQue es ser una mujer dement\u00e9 emocional? Es ser una mujer insensata, mani\u00e1tica, furiosa, desequilibrada ,perturbada ,chiflada, lun\u00e1tica y loca. Ser emp\u00e1tica tiene que ir de la mano con ser aut\u00e9ntica.<\/p><blockquote><p><strong>Santiago 1:19 \u00abPor esto, mis amados hermanos, todo hombre sea pronto para o\u00edr, tardo para hablar, tardo para airarse.\u00bb<\/strong><\/p><\/blockquote><p><strong> Conclusi\u00f3n<\/strong>: La gente se a olvido de ser compasivo. Una de las cosas que tenemos que seguir aprendiendo es a acercarnos a las personas con bondad y sinceridad.<\/p><p>Ponerse el zapato de otra a\u00fan cuando el nuestro apriete. Las personas que pueden ponerse en el zapato de otra tiene madurez y una sensibilidad para dejarse usar por Dios. De los Diez Mandamientos nos dicen seis ponernos en el zapato del otro -Honra a tu madre y tu padre -No mataras -No cometer\u00e1s adulterio -No hurtaras -No hablaras contra tu pr\u00f3jimo falso testimonio -No codiciaras la casa de tu pr\u00f3jimo, no codiciaras a la mujer de tu pr\u00f3jimo.<\/p><p>No ponerse en el zapato del otro significa ser una ego\u00edsta. Pare de sufrir usted mismo y podr\u00e1 ver que otros est\u00e1n sufriendo m\u00e1s que usted.<\/p><p><strong>Ponerse en el zapato del otra significa ser movido a misericordia<\/strong> y d\u00e9jame decirte que la misericordia es un sentimiento de amor extremo.<\/p><p>Jes\u00fas no es indiferente a nuestro dolor \u201cSIEMPRE que alivies el dolor de otro ser humano, tu vida no ser\u00e1 en vano. Tenemos que poner en pr\u00e1ctica nuestra capacidad de amar y servir.<\/p><blockquote><p>Mateo 7:12: 12 As\u00ed que, todas las cosas que quisierais que los hombres hiciesen con vosotros, as\u00ed tambi\u00e9n haced vosotros con ellos, porque esta es la ley y los Profetas<\/p><\/blockquote>\t\t\t\t\t\t\t\t<\/div>\n\t\t\t\t<\/div>\n\t\t\t\t\t<\/div>\n\t\t<\/div>\n\t\t\t\t\t<\/div>\n\t\t<\/section>\n\t\t\t\t<\/div>\n\t\t","protected":false},"excerpt":{"rendered":"<p>Ester 1: 19 el rey dijo, den su t\u00edtulo de reina a otra que sea m\u00e1s digna que ella. Es importante saber que en el reino las mujeres dignas son aquellas merecedoras de algo. Una mujer digna es decente, honorable y noble Si t\u00fa tienes estas cualidades ser\u00e1s una buena &hellip; <\/p>\n","protected":false},"author":2,"featured_media":0,"parent":0,"menu_order":0,"comment_status":"closed","ping_status":"closed","template":"","meta":{"footnotes":""},"class_list":["post-1847","page","type-page","status-publish","hentry"],"yoast_head":"<!-- This site is optimized with the Yoast SEO plugin v26.8 - https:\/\/yoast.com\/product\/yoast-seo-wordpress\/ -->\n<title>En los zapatos de la otra - Ana Maria Vientos<\/title>\n<meta name=\"robots\" content=\"index, follow, max-snippet:-1, max-image-preview:large, max-video-preview:-1\" \/>\n<link rel=\"canonical\" href=\"https:\/\/anamariavientos.com\/es\/en-los-zapatos-de-la-otra\/\" \/>\n<meta property=\"og:locale\" content=\"es_ES\" \/>\n<meta property=\"og:type\" content=\"article\" \/>\n<meta property=\"og:title\" content=\"En los zapatos de la otra - Ana Maria Vientos\" \/>\n<meta property=\"og:description\" content=\"Ester 1: 19 el rey dijo, den su t\u00edtulo de reina a otra que sea m\u00e1s digna que ella. Es importante saber que en el reino las mujeres dignas son aquellas merecedoras de algo. Una mujer digna es decente, honorable y noble Si t\u00fa tienes estas cualidades ser\u00e1s una buena &hellip;\" \/>\n<meta property=\"og:url\" content=\"https:\/\/anamariavientos.com\/es\/en-los-zapatos-de-la-otra\/\" \/>\n<meta property=\"og:site_name\" content=\"Ana Maria Vientos\" \/>\n<meta property=\"article:modified_time\" content=\"2021-10-26T14:05:01+00:00\" \/>\n<meta name=\"twitter:card\" content=\"summary_large_image\" \/>\n<meta name=\"twitter:label1\" content=\"Tiempo de lectura\" \/>\n\t<meta name=\"twitter:data1\" content=\"5 minutos\" \/>\n<script type=\"application\/ld+json\" class=\"yoast-schema-graph\">{\"@context\":\"https:\/\/schema.org\",\"@graph\":[{\"@type\":\"WebPage\",\"@id\":\"https:\/\/anamariavientos.com\/es\/en-los-zapatos-de-la-otra\/\",\"url\":\"https:\/\/anamariavientos.com\/es\/en-los-zapatos-de-la-otra\/\",\"name\":\"En los zapatos de la otra - Ana Maria Vientos\",\"isPartOf\":{\"@id\":\"https:\/\/anamariavientos.com\/es\/#website\"},\"datePublished\":\"2021-10-26T10:16:19+00:00\",\"dateModified\":\"2021-10-26T14:05:01+00:00\",\"breadcrumb\":{\"@id\":\"https:\/\/anamariavientos.com\/es\/en-los-zapatos-de-la-otra\/#breadcrumb\"},\"inLanguage\":\"es\",\"potentialAction\":[{\"@type\":\"ReadAction\",\"target\":[\"https:\/\/anamariavientos.com\/es\/en-los-zapatos-de-la-otra\/\"]}]},{\"@type\":\"BreadcrumbList\",\"@id\":\"https:\/\/anamariavientos.com\/es\/en-los-zapatos-de-la-otra\/#breadcrumb\",\"itemListElement\":[{\"@type\":\"ListItem\",\"position\":1,\"name\":\"Portada\",\"item\":\"https:\/\/anamariavientos.com\/es\/\"},{\"@type\":\"ListItem\",\"position\":2,\"name\":\"En los zapatos de la otra\"}]},{\"@type\":\"WebSite\",\"@id\":\"https:\/\/anamariavientos.com\/es\/#website\",\"url\":\"https:\/\/anamariavientos.com\/es\/\",\"name\":\"Ana Maria Vientos\",\"description\":\"MINISTRIES\",\"publisher\":{\"@id\":\"https:\/\/anamariavientos.com\/es\/#organization\"},\"potentialAction\":[{\"@type\":\"SearchAction\",\"target\":{\"@type\":\"EntryPoint\",\"urlTemplate\":\"https:\/\/anamariavientos.com\/es\/?s={search_term_string}\"},\"query-input\":{\"@type\":\"PropertyValueSpecification\",\"valueRequired\":true,\"valueName\":\"search_term_string\"}}],\"inLanguage\":\"es\"},{\"@type\":\"Organization\",\"@id\":\"https:\/\/anamariavientos.com\/es\/#organization\",\"name\":\"Ana Maria Vientos\",\"url\":\"https:\/\/anamariavientos.com\/es\/\",\"logo\":{\"@type\":\"ImageObject\",\"inLanguage\":\"es\",\"@id\":\"https:\/\/anamariavientos.com\/es\/#\/schema\/logo\/image\/\",\"url\":\"\",\"contentUrl\":\"\",\"caption\":\"Ana Maria Vientos\"},\"image\":{\"@id\":\"https:\/\/anamariavientos.com\/es\/#\/schema\/logo\/image\/\"}}]}<\/script>\n<!-- \/ Yoast SEO plugin. -->","yoast_head_json":{"title":"En los zapatos de la otra - Ana Maria Vientos","robots":{"index":"index","follow":"follow","max-snippet":"max-snippet:-1","max-image-preview":"max-image-preview:large","max-video-preview":"max-video-preview:-1"},"canonical":"https:\/\/anamariavientos.com\/es\/en-los-zapatos-de-la-otra\/","og_locale":"es_ES","og_type":"article","og_title":"En los zapatos de la otra - Ana Maria Vientos","og_description":"Ester 1: 19 el rey dijo, den su t\u00edtulo de reina a otra que sea m\u00e1s digna que ella. Es importante saber que en el reino las mujeres dignas son aquellas merecedoras de algo. Una mujer digna es decente, honorable y noble Si t\u00fa tienes estas cualidades ser\u00e1s una buena &hellip;","og_url":"https:\/\/anamariavientos.com\/es\/en-los-zapatos-de-la-otra\/","og_site_name":"Ana Maria Vientos","article_modified_time":"2021-10-26T14:05:01+00:00","twitter_card":"summary_large_image","twitter_misc":{"Tiempo de lectura":"5 minutos"},"schema":{"@context":"https:\/\/schema.org","@graph":[{"@type":"WebPage","@id":"https:\/\/anamariavientos.com\/es\/en-los-zapatos-de-la-otra\/","url":"https:\/\/anamariavientos.com\/es\/en-los-zapatos-de-la-otra\/","name":"En los zapatos de la otra - Ana Maria Vientos","isPartOf":{"@id":"https:\/\/anamariavientos.com\/es\/#website"},"datePublished":"2021-10-26T10:16:19+00:00","dateModified":"2021-10-26T14:05:01+00:00","breadcrumb":{"@id":"https:\/\/anamariavientos.com\/es\/en-los-zapatos-de-la-otra\/#breadcrumb"},"inLanguage":"es","potentialAction":[{"@type":"ReadAction","target":["https:\/\/anamariavientos.com\/es\/en-los-zapatos-de-la-otra\/"]}]},{"@type":"BreadcrumbList","@id":"https:\/\/anamariavientos.com\/es\/en-los-zapatos-de-la-otra\/#breadcrumb","itemListElement":[{"@type":"ListItem","position":1,"name":"Portada","item":"https:\/\/anamariavientos.com\/es\/"},{"@type":"ListItem","position":2,"name":"En los zapatos de la otra"}]},{"@type":"WebSite","@id":"https:\/\/anamariavientos.com\/es\/#website","url":"https:\/\/anamariavientos.com\/es\/","name":"Ana Maria Vientos","description":"MINISTRIES","publisher":{"@id":"https:\/\/anamariavientos.com\/es\/#organization"},"potentialAction":[{"@type":"SearchAction","target":{"@type":"EntryPoint","urlTemplate":"https:\/\/anamariavientos.com\/es\/?s={search_term_string}"},"query-input":{"@type":"PropertyValueSpecification","valueRequired":true,"valueName":"search_term_string"}}],"inLanguage":"es"},{"@type":"Organization","@id":"https:\/\/anamariavientos.com\/es\/#organization","name":"Ana Maria Vientos","url":"https:\/\/anamariavientos.com\/es\/","logo":{"@type":"ImageObject","inLanguage":"es","@id":"https:\/\/anamariavientos.com\/es\/#\/schema\/logo\/image\/","url":"","contentUrl":"","caption":"Ana Maria Vientos"},"image":{"@id":"https:\/\/anamariavientos.com\/es\/#\/schema\/logo\/image\/"}}]}},"jetpack_sharing_enabled":true,"_links":{"self":[{"href":"https:\/\/anamariavientos.com\/es\/wp-json\/wp\/v2\/pages\/1847","targetHints":{"allow":["GET"]}}],"collection":[{"href":"https:\/\/anamariavientos.com\/es\/wp-json\/wp\/v2\/pages"}],"about":[{"href":"https:\/\/anamariavientos.com\/es\/wp-json\/wp\/v2\/types\/page"}],"author":[{"embeddable":true,"href":"https:\/\/anamariavientos.com\/es\/wp-json\/wp\/v2\/users\/2"}],"replies":[{"embeddable":true,"href":"https:\/\/anamariavientos.com\/es\/wp-json\/wp\/v2\/comments?post=1847"}],"version-history":[{"count":16,"href":"https:\/\/anamariavientos.com\/es\/wp-json\/wp\/v2\/pages\/1847\/revisions"}],"predecessor-version":[{"id":1902,"href":"https:\/\/anamariavientos.com\/es\/wp-json\/wp\/v2\/pages\/1847\/revisions\/1902"}],"wp:attachment":[{"href":"https:\/\/anamariavientos.com\/es\/wp-json\/wp\/v2\/media?parent=1847"}],"curies":[{"name":"wp","href":"https:\/\/api.w.org\/{rel}","templated":true}]}}