{"id":1691,"date":"2021-08-30T10:41:40","date_gmt":"2021-08-30T14:41:40","guid":{"rendered":"https:\/\/anamariavientos.com\/es\/?page_id=1691"},"modified":"2021-09-02T13:37:01","modified_gmt":"2021-09-02T17:37:01","slug":"invitaciones","status":"publish","type":"page","link":"https:\/\/anamariavientos.com\/es\/invitaciones\/","title":{"rendered":"INVITACIONES"},"content":{"rendered":"\t\t<div data-elementor-type=\"wp-page\" data-elementor-id=\"1691\" class=\"elementor elementor-1691\">\n\t\t\t\t\t\t<section class=\"elementor-section elementor-top-section elementor-element elementor-element-ff2724f elementor-section-boxed elementor-section-height-default elementor-section-height-default\" data-id=\"ff2724f\" data-element_type=\"section\" data-e-type=\"section\">\n\t\t\t\t\t\t<div class=\"elementor-container elementor-column-gap-default\">\n\t\t\t\t\t<div class=\"elementor-column elementor-col-100 elementor-top-column elementor-element elementor-element-5f57711\" data-id=\"5f57711\" data-element_type=\"column\" data-e-type=\"column\">\n\t\t\t<div class=\"elementor-widget-wrap\">\n\t\t\t\t\t\t\t<\/div>\n\t\t<\/div>\n\t\t\t\t\t<\/div>\n\t\t<\/section>\n\t\t\t\t<section class=\"elementor-section elementor-top-section elementor-element elementor-element-5571c3a elementor-section-boxed elementor-section-height-default elementor-section-height-default\" data-id=\"5571c3a\" data-element_type=\"section\" data-e-type=\"section\">\n\t\t\t\t\t\t<div class=\"elementor-container elementor-column-gap-default\">\n\t\t\t\t\t<div class=\"elementor-column elementor-col-50 elementor-top-column elementor-element elementor-element-cfbea04\" data-id=\"cfbea04\" data-element_type=\"column\" data-e-type=\"column\">\n\t\t\t<div class=\"elementor-widget-wrap elementor-element-populated\">\n\t\t\t\t\t\t<div class=\"elementor-element elementor-element-4ff8520 elementor-widget elementor-widget-image\" data-id=\"4ff8520\" data-element_type=\"widget\" data-e-type=\"widget\" data-widget_type=\"image.default\">\n\t\t\t\t<div class=\"elementor-widget-container\">\n\t\t\t\t\t\t\t\t\t\t\t\t\t\t\t<img fetchpriority=\"high\" decoding=\"async\" width=\"470\" height=\"394\" src=\"https:\/\/anamariavientos.com\/es\/wp-content\/uploads\/2021\/08\/204941184_10159244949285149_1660427079294045993_n.png\" class=\"attachment-large size-large wp-image-1701\" alt=\"\" srcset=\"https:\/\/anamariavientos.com\/es\/wp-content\/uploads\/2021\/08\/204941184_10159244949285149_1660427079294045993_n.png 470w, https:\/\/anamariavientos.com\/es\/wp-content\/uploads\/2021\/08\/204941184_10159244949285149_1660427079294045993_n-300x251.png 300w\" sizes=\"(max-width: 470px) 100vw, 470px\" \/>\t\t\t\t\t\t\t\t\t\t\t\t\t\t\t<\/div>\n\t\t\t\t<\/div>\n\t\t\t\t\t<\/div>\n\t\t<\/div>\n\t\t\t\t<div class=\"elementor-column elementor-col-50 elementor-top-column elementor-element elementor-element-f47e66d\" data-id=\"f47e66d\" data-element_type=\"column\" data-e-type=\"column\">\n\t\t\t<div class=\"elementor-widget-wrap elementor-element-populated\">\n\t\t\t\t\t\t<div class=\"elementor-element elementor-element-a0fc833 elementor-widget elementor-widget-text-editor\" data-id=\"a0fc833\" data-element_type=\"widget\" data-e-type=\"widget\" data-widget_type=\"text-editor.default\">\n\t\t\t\t<div class=\"elementor-widget-container\">\n\t\t\t\t\t\t\t\t\t<p style=\"text-align: center;\">Reciban un cordial saludo de parte de todo el equipo de la Pastora Ana Mar\u00eda Vientos, es para el ministerio un honor poder servirles y llevar una palabra de liberaci\u00f3n, restauraci\u00f3n, \u00e1nimo y empoderamiento de parte del Esp\u00edritu Santo.<\/p>\t\t\t\t\t\t\t\t<\/div>\n\t\t\t\t<\/div>\n\t\t\t\t<div class=\"elementor-element elementor-element-f5abaa3 elementor-widget elementor-widget-image\" data-id=\"f5abaa3\" data-element_type=\"widget\" data-e-type=\"widget\" data-widget_type=\"image.default\">\n\t\t\t\t<div class=\"elementor-widget-container\">\n\t\t\t\t\t\t\t\t\t\t\t\t\t\t\t\t<a href=\"#FORM\">\n\t\t\t\t\t\t\t<img decoding=\"async\" width=\"500\" height=\"120\" src=\"https:\/\/anamariavientos.com\/es\/wp-content\/uploads\/2021\/08\/BOTON.png\" class=\"attachment-large size-large wp-image-1698\" alt=\"\" srcset=\"https:\/\/anamariavientos.com\/es\/wp-content\/uploads\/2021\/08\/BOTON.png 500w, https:\/\/anamariavientos.com\/es\/wp-content\/uploads\/2021\/08\/BOTON-300x72.png 300w\" sizes=\"(max-width: 500px) 100vw, 500px\" \/>\t\t\t\t\t\t\t\t<\/a>\n\t\t\t\t\t\t\t\t\t\t\t\t\t\t\t<\/div>\n\t\t\t\t<\/div>\n\t\t\t\t\t<\/div>\n\t\t<\/div>\n\t\t\t\t\t<\/div>\n\t\t<\/section>\n\t\t\t\t<section class=\"elementor-section elementor-top-section elementor-element elementor-element-8a032ba elementor-section-boxed elementor-section-height-default elementor-section-height-default\" data-id=\"8a032ba\" data-element_type=\"section\" data-e-type=\"section\">\n\t\t\t\t\t\t<div class=\"elementor-container elementor-column-gap-default\">\n\t\t\t\t\t<div class=\"elementor-column elementor-col-100 elementor-top-column elementor-element elementor-element-44f9995\" data-id=\"44f9995\" data-element_type=\"column\" data-e-type=\"column\">\n\t\t\t<div class=\"elementor-widget-wrap elementor-element-populated\">\n\t\t\t\t\t\t<div class=\"elementor-element elementor-element-fb5e478 elementor-widget elementor-widget-menu-anchor\" data-id=\"fb5e478\" data-element_type=\"widget\" data-e-type=\"widget\" data-widget_type=\"menu-anchor.default\">\n\t\t\t\t<div class=\"elementor-widget-container\">\n\t\t\t\t\t\t\t<div class=\"elementor-menu-anchor\" id=\"FORM\"><\/div>\n\t\t\t\t\t\t<\/div>\n\t\t\t\t<\/div>\n\t\t\t\t<div class=\"elementor-element elementor-element-293477c elementor-widget elementor-widget-wpforms\" data-id=\"293477c\" data-element_type=\"widget\" data-e-type=\"widget\" data-widget_type=\"wpforms.default\">\n\t\t\t\t<div class=\"elementor-widget-container\">\n\t\t\t\t\t<div class=\"wpforms-container wpforms-container-full FORM\" id=\"wpforms-1713\"><form id=\"wpforms-form-1713\" class=\"wpforms-validate wpforms-form wpforms-ajax-form\" data-formid=\"1713\" method=\"post\" enctype=\"multipart\/form-data\" action=\"\/es\/wp-json\/wp\/v2\/pages\/1691\" data-token=\"0429e29c59113640113e16dd5c00eb29\" data-token-time=\"1778489204\"><div class=\"wpforms-head-container\"><div class=\"wpforms-title\">Formulario para contrataciones de Ana Mar\u00eda.<\/div><div class=\"wpforms-description\">Si desea realizar una invitaci\u00f3n a la Pra. Ana Mar\u00eda para alg\u00fan evento en especial le rogamos que complete este breve formulario y as\u00ed podremos contactarlo a la brevedad en forma personal. Paz y gracias por su consulta.<\/div><\/div><noscript class=\"wpforms-error-noscript\">Por favor, activa JavaScript en tu navegador para completar este formulario.<\/noscript><div class=\"wpforms-field-container\"><div id=\"wpforms-1713-field_27-container\" class=\"wpforms-field wpforms-field-text\" data-field-id=\"27\"><label class=\"wpforms-field-label\" for=\"wpforms-1713-field_27\">Nombre de la iglesia \/ organizaci\u00f3n  <span class=\"wpforms-required-label\">*<\/span><\/label><input type=\"text\" id=\"wpforms-1713-field_27\" class=\"wpforms-field-medium wpforms-field-required\" name=\"wpforms[fields][27]\" required><\/div><div id=\"wpforms-1713-field_5-container\" class=\"wpforms-field wpforms-field-text\" data-field-id=\"5\"><label class=\"wpforms-field-label\" for=\"wpforms-1713-field_5\">N\u00famero de tel\u00e9fono WhatsApp  <span class=\"wpforms-required-label\">*<\/span><\/label><input type=\"text\" id=\"wpforms-1713-field_5\" class=\"wpforms-field-medium wpforms-field-required\" name=\"wpforms[fields][5]\" required><\/div><div id=\"wpforms-1713-field_8-container\" class=\"wpforms-field wpforms-field-text\" data-field-id=\"8\"><label class=\"wpforms-field-label\" for=\"wpforms-1713-field_8\">Ciudad | Estado <span class=\"wpforms-required-label\">*<\/span><\/label><input type=\"text\" id=\"wpforms-1713-field_8\" class=\"wpforms-field-medium wpforms-field-required\" name=\"wpforms[fields][8]\" required><\/div><div id=\"wpforms-1713-field_9-container\" class=\"wpforms-field wpforms-field-text\" data-field-id=\"9\"><label class=\"wpforms-field-label\" for=\"wpforms-1713-field_9\">Pa\u00eds <span class=\"wpforms-required-label\">*<\/span><\/label><input type=\"text\" id=\"wpforms-1713-field_9\" class=\"wpforms-field-medium wpforms-field-required\" name=\"wpforms[fields][9]\" required><\/div><div id=\"wpforms-1713-field_23-container\" class=\"wpforms-field wpforms-field-text\" data-field-id=\"23\"><label class=\"wpforms-field-label\" for=\"wpforms-1713-field_23\">Nombre del Pastor o ministro a cargo<\/label><input type=\"text\" id=\"wpforms-1713-field_23\" class=\"wpforms-field-medium\" name=\"wpforms[fields][23]\" ><\/div><div id=\"wpforms-1713-field_28-container\" class=\"wpforms-field wpforms-field-email\" data-field-id=\"28\"><label class=\"wpforms-field-label\" for=\"wpforms-1713-field_28\">Correo electr\u00f3nico <span class=\"wpforms-required-label\">*<\/span><\/label><input type=\"email\" id=\"wpforms-1713-field_28\" class=\"wpforms-field-medium wpforms-field-required\" name=\"wpforms[fields][28]\" spellcheck=\"false\" required><\/div><div id=\"wpforms-1713-field_12-container\" class=\"wpforms-field wpforms-field-text\" data-field-id=\"12\"><label class=\"wpforms-field-label\" for=\"wpforms-1713-field_12\">Fecha del evento. Mes | D\u00eda | A\u00f1o <span class=\"wpforms-required-label\">*<\/span><\/label><input type=\"text\" id=\"wpforms-1713-field_12\" class=\"wpforms-field-medium wpforms-field-required\" name=\"wpforms[fields][12]\" required><\/div><div id=\"wpforms-1713-field_24-container\" class=\"wpforms-field wpforms-field-text\" data-field-id=\"24\"><label class=\"wpforms-field-label\" for=\"wpforms-1713-field_24\">Horario de inicio del Evento<\/label><input type=\"text\" id=\"wpforms-1713-field_24\" class=\"wpforms-field-medium\" name=\"wpforms[fields][24]\" ><\/div><div id=\"wpforms-1713-field_15-container\" class=\"wpforms-field wpforms-field-radio\" data-field-id=\"15\"><label class=\"wpforms-field-label\">Describa tipo de evento <span class=\"wpforms-required-label\">*<\/span><\/label><ul id=\"wpforms-1713-field_15\" class=\"wpforms-field-required\"><li class=\"choice-1 depth-1\"><input type=\"radio\" id=\"wpforms-1713-field_15_1\" name=\"wpforms[fields][15]\" value=\"Congreso\" required ><label class=\"wpforms-field-label-inline\" for=\"wpforms-1713-field_15_1\">Congreso<\/label><\/li><li class=\"choice-2 depth-1\"><input type=\"radio\" id=\"wpforms-1713-field_15_2\" name=\"wpforms[fields][15]\" value=\"Aniversario\" required ><label class=\"wpforms-field-label-inline\" for=\"wpforms-1713-field_15_2\">Aniversario<\/label><\/li><li class=\"choice-3 depth-1\"><input type=\"radio\" id=\"wpforms-1713-field_15_3\" name=\"wpforms[fields][15]\" value=\"Taller\" required ><label class=\"wpforms-field-label-inline\" for=\"wpforms-1713-field_15_3\">Taller<\/label><\/li><li class=\"choice-4 depth-1 wpforms-selected\"><input type=\"radio\" id=\"wpforms-1713-field_15_4\" name=\"wpforms[fields][15]\" value=\"Servicio dominical\" required  checked='checked'><label class=\"wpforms-field-label-inline\" for=\"wpforms-1713-field_15_4\">Servicio dominical<\/label><\/li><li class=\"choice-5 depth-1\"><input type=\"radio\" id=\"wpforms-1713-field_15_5\" name=\"wpforms[fields][15]\" value=\"Otro\" required ><label class=\"wpforms-field-label-inline\" for=\"wpforms-1713-field_15_5\">Otro<\/label><\/li><\/ul><\/div><div id=\"wpforms-1713-field_17-container\" class=\"wpforms-field wpforms-field-text\" data-field-id=\"17\"><label class=\"wpforms-field-label\" for=\"wpforms-1713-field_17\">Describa que otro tipo de evento es. (Solo si las opciones no representan su evento)<\/label><input type=\"text\" id=\"wpforms-1713-field_17\" class=\"wpforms-field-medium\" name=\"wpforms[fields][17]\" ><\/div><div id=\"wpforms-1713-field_16-container\" class=\"wpforms-field wpforms-field-radio\" data-field-id=\"16\"><label class=\"wpforms-field-label\">\u00bfCuantas participaciones desea? <span class=\"wpforms-required-label\">*<\/span><\/label><ul id=\"wpforms-1713-field_16\" class=\"wpforms-field-required\"><li class=\"choice-1 depth-1\"><input type=\"radio\" id=\"wpforms-1713-field_16_1\" name=\"wpforms[fields][16]\" value=\"Una\" required ><label class=\"wpforms-field-label-inline\" for=\"wpforms-1713-field_16_1\">Una<\/label><\/li><li class=\"choice-2 depth-1\"><input type=\"radio\" id=\"wpforms-1713-field_16_2\" name=\"wpforms[fields][16]\" value=\"Dos\" required ><label class=\"wpforms-field-label-inline\" for=\"wpforms-1713-field_16_2\">Dos<\/label><\/li><li class=\"choice-3 depth-1 wpforms-selected\"><input type=\"radio\" id=\"wpforms-1713-field_16_3\" name=\"wpforms[fields][16]\" value=\"M\u00e1s de dos\" required  checked='checked'><label class=\"wpforms-field-label-inline\" for=\"wpforms-1713-field_16_3\">M\u00e1s de dos<\/label><\/li><\/ul><\/div><div id=\"wpforms-1713-field_18-container\" class=\"wpforms-field wpforms-field-text\" data-field-id=\"18\"><label class=\"wpforms-field-label\" for=\"wpforms-1713-field_18\">Sin son mas de dos participaciones indique aqu\u00ed el n\u00famero<\/label><input type=\"text\" id=\"wpforms-1713-field_18\" class=\"wpforms-field-medium\" name=\"wpforms[fields][18]\" ><\/div><div id=\"wpforms-1713-field_19-container\" class=\"wpforms-field wpforms-field-radio\" data-field-id=\"19\"><label class=\"wpforms-field-label\">Tipo de espacio del Evento<\/label><ul id=\"wpforms-1713-field_19\"><li class=\"choice-1 depth-1\"><input type=\"radio\" id=\"wpforms-1713-field_19_1\" name=\"wpforms[fields][19]\" value=\"Iglesia\"  ><label class=\"wpforms-field-label-inline\" for=\"wpforms-1713-field_19_1\">Iglesia<\/label><\/li><li class=\"choice-2 depth-1\"><input type=\"radio\" id=\"wpforms-1713-field_19_2\" name=\"wpforms[fields][19]\" value=\"Hotel\"  ><label class=\"wpforms-field-label-inline\" for=\"wpforms-1713-field_19_2\">Hotel<\/label><\/li><li class=\"choice-3 depth-1\"><input type=\"radio\" id=\"wpforms-1713-field_19_3\" name=\"wpforms[fields][19]\" value=\"Espacio abierto\"  ><label class=\"wpforms-field-label-inline\" for=\"wpforms-1713-field_19_3\">Espacio abierto<\/label><\/li><\/ul><\/div><div id=\"wpforms-1713-field_20-container\" class=\"wpforms-field wpforms-field-text\" data-field-id=\"20\"><label class=\"wpforms-field-label\" for=\"wpforms-1713-field_20\">Si el tipo de espacio no figura en las opciones de arriba indique cual es aqu\u00ed. <\/label><input type=\"text\" id=\"wpforms-1713-field_20\" class=\"wpforms-field-medium\" name=\"wpforms[fields][20]\" ><\/div><div id=\"wpforms-1713-field_22-container\" class=\"wpforms-field wpforms-field-radio\" data-field-id=\"22\"><label class=\"wpforms-field-label\">Cantidad de asistencia estimada<\/label><ul id=\"wpforms-1713-field_22\"><li class=\"choice-1 depth-1\"><input type=\"radio\" id=\"wpforms-1713-field_22_1\" name=\"wpforms[fields][22]\" value=\"50 a 100 personas\"  ><label class=\"wpforms-field-label-inline\" for=\"wpforms-1713-field_22_1\">50 a 100 personas<\/label><\/li><li class=\"choice-2 depth-1\"><input type=\"radio\" id=\"wpforms-1713-field_22_2\" name=\"wpforms[fields][22]\" value=\"100 a 200 personas\"  ><label class=\"wpforms-field-label-inline\" for=\"wpforms-1713-field_22_2\">100 a 200 personas<\/label><\/li><li class=\"choice-3 depth-1\"><input type=\"radio\" id=\"wpforms-1713-field_22_3\" name=\"wpforms[fields][22]\" value=\"200 a 500 personas\"  ><label class=\"wpforms-field-label-inline\" for=\"wpforms-1713-field_22_3\">200 a 500 personas<\/label><\/li><li class=\"choice-4 depth-1\"><input type=\"radio\" id=\"wpforms-1713-field_22_4\" name=\"wpforms[fields][22]\" value=\"Mas de 500 personas\"  ><label class=\"wpforms-field-label-inline\" for=\"wpforms-1713-field_22_4\">Mas de 500 personas<\/label><\/li><\/ul><\/div><div id=\"wpforms-1713-field_25-container\" class=\"wpforms-field wpforms-field-radio\" data-field-id=\"25\"><label class=\"wpforms-field-label\">Tipo de Entrada <span class=\"wpforms-required-label\">*<\/span><\/label><ul id=\"wpforms-1713-field_25\" class=\"wpforms-field-required\"><li class=\"choice-1 depth-1\"><input type=\"radio\" id=\"wpforms-1713-field_25_1\" name=\"wpforms[fields][25]\" value=\"Gratuita\" required ><label class=\"wpforms-field-label-inline\" for=\"wpforms-1713-field_25_1\">Gratuita<\/label><\/li><li class=\"choice-2 depth-1\"><input type=\"radio\" id=\"wpforms-1713-field_25_2\" name=\"wpforms[fields][25]\" value=\"Pago\" required ><label class=\"wpforms-field-label-inline\" for=\"wpforms-1713-field_25_2\">Pago<\/label><\/li><\/ul><\/div><div id=\"wpforms-1713-field_26-container\" class=\"wpforms-field wpforms-field-text\" data-field-id=\"26\"><label class=\"wpforms-field-label\" for=\"wpforms-1713-field_26\">En el caso de ser evento pago, indique el costo del mismo aqu\u00ed.<\/label><input type=\"text\" id=\"wpforms-1713-field_26\" class=\"wpforms-field-medium\" name=\"wpforms[fields][26]\" ><\/div><\/div><!-- .wpforms-field-container --><div class=\"wpforms-submit-container\" ><input type=\"hidden\" name=\"wpforms[id]\" value=\"1713\"><input type=\"hidden\" name=\"page_title\" value=\"\"><input type=\"hidden\" name=\"page_url\" value=\"https:\/\/anamariavientos.com\/es\/wp-json\/wp\/v2\/pages\/1691\"><input type=\"hidden\" name=\"url_referer\" value=\"\"><button type=\"submit\" name=\"wpforms[submit]\" id=\"wpforms-submit-1713\" class=\"wpforms-submit\" data-alt-text=\"Enviando...\" data-submit-text=\"Enviar\" aria-live=\"assertive\" value=\"wpforms-submit\">Enviar<\/button><img decoding=\"async\" src=\"https:\/\/anamariavientos.com\/es\/wp-content\/plugins\/wpforms-lite\/assets\/images\/submit-spin.svg\" class=\"wpforms-submit-spinner\" style=\"display: none;\" width=\"26\" height=\"26\" alt=\"Cargando\"><\/div><\/form><\/div>  <!-- .wpforms-container -->\t\t\t\t<\/div>\n\t\t\t\t<\/div>\n\t\t\t\t\t<\/div>\n\t\t<\/div>\n\t\t\t\t\t<\/div>\n\t\t<\/section>\n\t\t\t\t<\/div>\n\t\t","protected":false},"excerpt":{"rendered":"<p>Reciban un cordial saludo de parte de todo el equipo de la Pastora Ana Mar\u00eda Vientos, es para el ministerio un honor poder servirles y llevar una palabra de liberaci\u00f3n, restauraci\u00f3n, \u00e1nimo y empoderamiento de parte del Esp\u00edritu Santo.<\/p>\n","protected":false},"author":2,"featured_media":0,"parent":0,"menu_order":0,"comment_status":"closed","ping_status":"closed","template":"","meta":{"footnotes":""},"class_list":["post-1691","page","type-page","status-publish","hentry"],"yoast_head":"<!-- This site is optimized with the Yoast SEO plugin v26.8 - https:\/\/yoast.com\/product\/yoast-seo-wordpress\/ -->\n<title>INVITACIONES - Ana Maria Vientos<\/title>\n<meta name=\"robots\" content=\"index, follow, max-snippet:-1, max-image-preview:large, max-video-preview:-1\" \/>\n<link rel=\"canonical\" href=\"https:\/\/anamariavientos.com\/es\/invitaciones\/\" \/>\n<meta property=\"og:locale\" content=\"es_ES\" \/>\n<meta property=\"og:type\" content=\"article\" \/>\n<meta property=\"og:title\" content=\"INVITACIONES - Ana Maria Vientos\" \/>\n<meta property=\"og:description\" content=\"Reciban un cordial saludo de parte de todo el equipo de la Pastora Ana Mar\u00eda Vientos, es para el ministerio un honor poder servirles y llevar una palabra de liberaci\u00f3n, restauraci\u00f3n, \u00e1nimo y empoderamiento de parte del Esp\u00edritu Santo.\" \/>\n<meta property=\"og:url\" content=\"https:\/\/anamariavientos.com\/es\/invitaciones\/\" \/>\n<meta property=\"og:site_name\" content=\"Ana Maria Vientos\" \/>\n<meta property=\"article:modified_time\" content=\"2021-09-02T17:37:01+00:00\" \/>\n<meta property=\"og:image\" content=\"https:\/\/anamariavientos.com\/es\/wp-content\/uploads\/2021\/08\/204941184_10159244949285149_1660427079294045993_n.png\" \/>\n<meta name=\"twitter:card\" content=\"summary_large_image\" \/>\n<meta name=\"twitter:label1\" content=\"Tiempo de lectura\" \/>\n\t<meta name=\"twitter:data1\" content=\"2 minutos\" \/>\n<script type=\"application\/ld+json\" class=\"yoast-schema-graph\">{\"@context\":\"https:\/\/schema.org\",\"@graph\":[{\"@type\":\"WebPage\",\"@id\":\"https:\/\/anamariavientos.com\/es\/invitaciones\/\",\"url\":\"https:\/\/anamariavientos.com\/es\/invitaciones\/\",\"name\":\"INVITACIONES - Ana Maria Vientos\",\"isPartOf\":{\"@id\":\"https:\/\/anamariavientos.com\/es\/#website\"},\"primaryImageOfPage\":{\"@id\":\"https:\/\/anamariavientos.com\/es\/invitaciones\/#primaryimage\"},\"image\":{\"@id\":\"https:\/\/anamariavientos.com\/es\/invitaciones\/#primaryimage\"},\"thumbnailUrl\":\"https:\/\/anamariavientos.com\/es\/wp-content\/uploads\/2021\/08\/204941184_10159244949285149_1660427079294045993_n.png\",\"datePublished\":\"2021-08-30T14:41:40+00:00\",\"dateModified\":\"2021-09-02T17:37:01+00:00\",\"breadcrumb\":{\"@id\":\"https:\/\/anamariavientos.com\/es\/invitaciones\/#breadcrumb\"},\"inLanguage\":\"es\",\"potentialAction\":[{\"@type\":\"ReadAction\",\"target\":[\"https:\/\/anamariavientos.com\/es\/invitaciones\/\"]}]},{\"@type\":\"ImageObject\",\"inLanguage\":\"es\",\"@id\":\"https:\/\/anamariavientos.com\/es\/invitaciones\/#primaryimage\",\"url\":\"https:\/\/anamariavientos.com\/es\/wp-content\/uploads\/2021\/08\/204941184_10159244949285149_1660427079294045993_n.png\",\"contentUrl\":\"https:\/\/anamariavientos.com\/es\/wp-content\/uploads\/2021\/08\/204941184_10159244949285149_1660427079294045993_n.png\",\"width\":470,\"height\":394},{\"@type\":\"BreadcrumbList\",\"@id\":\"https:\/\/anamariavientos.com\/es\/invitaciones\/#breadcrumb\",\"itemListElement\":[{\"@type\":\"ListItem\",\"position\":1,\"name\":\"Portada\",\"item\":\"https:\/\/anamariavientos.com\/es\/\"},{\"@type\":\"ListItem\",\"position\":2,\"name\":\"INVITACIONES\"}]},{\"@type\":\"WebSite\",\"@id\":\"https:\/\/anamariavientos.com\/es\/#website\",\"url\":\"https:\/\/anamariavientos.com\/es\/\",\"name\":\"Ana Maria Vientos\",\"description\":\"MINISTRIES\",\"publisher\":{\"@id\":\"https:\/\/anamariavientos.com\/es\/#organization\"},\"potentialAction\":[{\"@type\":\"SearchAction\",\"target\":{\"@type\":\"EntryPoint\",\"urlTemplate\":\"https:\/\/anamariavientos.com\/es\/?s={search_term_string}\"},\"query-input\":{\"@type\":\"PropertyValueSpecification\",\"valueRequired\":true,\"valueName\":\"search_term_string\"}}],\"inLanguage\":\"es\"},{\"@type\":\"Organization\",\"@id\":\"https:\/\/anamariavientos.com\/es\/#organization\",\"name\":\"Ana Maria Vientos\",\"url\":\"https:\/\/anamariavientos.com\/es\/\",\"logo\":{\"@type\":\"ImageObject\",\"inLanguage\":\"es\",\"@id\":\"https:\/\/anamariavientos.com\/es\/#\/schema\/logo\/image\/\",\"url\":\"\",\"contentUrl\":\"\",\"caption\":\"Ana Maria Vientos\"},\"image\":{\"@id\":\"https:\/\/anamariavientos.com\/es\/#\/schema\/logo\/image\/\"}}]}<\/script>\n<!-- \/ Yoast SEO plugin. -->","yoast_head_json":{"title":"INVITACIONES - Ana Maria Vientos","robots":{"index":"index","follow":"follow","max-snippet":"max-snippet:-1","max-image-preview":"max-image-preview:large","max-video-preview":"max-video-preview:-1"},"canonical":"https:\/\/anamariavientos.com\/es\/invitaciones\/","og_locale":"es_ES","og_type":"article","og_title":"INVITACIONES - Ana Maria Vientos","og_description":"Reciban un cordial saludo de parte de todo el equipo de la Pastora Ana Mar\u00eda Vientos, es para el ministerio un honor poder servirles y llevar una palabra de liberaci\u00f3n, restauraci\u00f3n, \u00e1nimo y empoderamiento de parte del Esp\u00edritu Santo.","og_url":"https:\/\/anamariavientos.com\/es\/invitaciones\/","og_site_name":"Ana Maria Vientos","article_modified_time":"2021-09-02T17:37:01+00:00","og_image":[{"url":"https:\/\/anamariavientos.com\/es\/wp-content\/uploads\/2021\/08\/204941184_10159244949285149_1660427079294045993_n.png","type":"","width":"","height":""}],"twitter_card":"summary_large_image","twitter_misc":{"Tiempo de lectura":"2 minutos"},"schema":{"@context":"https:\/\/schema.org","@graph":[{"@type":"WebPage","@id":"https:\/\/anamariavientos.com\/es\/invitaciones\/","url":"https:\/\/anamariavientos.com\/es\/invitaciones\/","name":"INVITACIONES - Ana Maria Vientos","isPartOf":{"@id":"https:\/\/anamariavientos.com\/es\/#website"},"primaryImageOfPage":{"@id":"https:\/\/anamariavientos.com\/es\/invitaciones\/#primaryimage"},"image":{"@id":"https:\/\/anamariavientos.com\/es\/invitaciones\/#primaryimage"},"thumbnailUrl":"https:\/\/anamariavientos.com\/es\/wp-content\/uploads\/2021\/08\/204941184_10159244949285149_1660427079294045993_n.png","datePublished":"2021-08-30T14:41:40+00:00","dateModified":"2021-09-02T17:37:01+00:00","breadcrumb":{"@id":"https:\/\/anamariavientos.com\/es\/invitaciones\/#breadcrumb"},"inLanguage":"es","potentialAction":[{"@type":"ReadAction","target":["https:\/\/anamariavientos.com\/es\/invitaciones\/"]}]},{"@type":"ImageObject","inLanguage":"es","@id":"https:\/\/anamariavientos.com\/es\/invitaciones\/#primaryimage","url":"https:\/\/anamariavientos.com\/es\/wp-content\/uploads\/2021\/08\/204941184_10159244949285149_1660427079294045993_n.png","contentUrl":"https:\/\/anamariavientos.com\/es\/wp-content\/uploads\/2021\/08\/204941184_10159244949285149_1660427079294045993_n.png","width":470,"height":394},{"@type":"BreadcrumbList","@id":"https:\/\/anamariavientos.com\/es\/invitaciones\/#breadcrumb","itemListElement":[{"@type":"ListItem","position":1,"name":"Portada","item":"https:\/\/anamariavientos.com\/es\/"},{"@type":"ListItem","position":2,"name":"INVITACIONES"}]},{"@type":"WebSite","@id":"https:\/\/anamariavientos.com\/es\/#website","url":"https:\/\/anamariavientos.com\/es\/","name":"Ana Maria Vientos","description":"MINISTRIES","publisher":{"@id":"https:\/\/anamariavientos.com\/es\/#organization"},"potentialAction":[{"@type":"SearchAction","target":{"@type":"EntryPoint","urlTemplate":"https:\/\/anamariavientos.com\/es\/?s={search_term_string}"},"query-input":{"@type":"PropertyValueSpecification","valueRequired":true,"valueName":"search_term_string"}}],"inLanguage":"es"},{"@type":"Organization","@id":"https:\/\/anamariavientos.com\/es\/#organization","name":"Ana Maria Vientos","url":"https:\/\/anamariavientos.com\/es\/","logo":{"@type":"ImageObject","inLanguage":"es","@id":"https:\/\/anamariavientos.com\/es\/#\/schema\/logo\/image\/","url":"","contentUrl":"","caption":"Ana Maria Vientos"},"image":{"@id":"https:\/\/anamariavientos.com\/es\/#\/schema\/logo\/image\/"}}]}},"jetpack_sharing_enabled":true,"_links":{"self":[{"href":"https:\/\/anamariavientos.com\/es\/wp-json\/wp\/v2\/pages\/1691","targetHints":{"allow":["GET"]}}],"collection":[{"href":"https:\/\/anamariavientos.com\/es\/wp-json\/wp\/v2\/pages"}],"about":[{"href":"https:\/\/anamariavientos.com\/es\/wp-json\/wp\/v2\/types\/page"}],"author":[{"embeddable":true,"href":"https:\/\/anamariavientos.com\/es\/wp-json\/wp\/v2\/users\/2"}],"replies":[{"embeddable":true,"href":"https:\/\/anamariavientos.com\/es\/wp-json\/wp\/v2\/comments?post=1691"}],"version-history":[{"count":100,"href":"https:\/\/anamariavientos.com\/es\/wp-json\/wp\/v2\/pages\/1691\/revisions"}],"predecessor-version":[{"id":1951,"href":"https:\/\/anamariavientos.com\/es\/wp-json\/wp\/v2\/pages\/1691\/revisions\/1951"}],"wp:attachment":[{"href":"https:\/\/anamariavientos.com\/es\/wp-json\/wp\/v2\/media?parent=1691"}],"curies":[{"name":"wp","href":"https:\/\/api.w.org\/{rel}","templated":true}]}}