{"id":109,"date":"2021-04-19T13:58:43","date_gmt":"2021-04-19T17:58:43","guid":{"rendered":"http:\/\/anamariavientos.com\/es\/?page_id=109"},"modified":"2026-03-24T09:38:15","modified_gmt":"2026-03-24T13:38:15","slug":"biografia","status":"publish","type":"page","link":"https:\/\/anamariavientos.com\/es\/biografia\/","title":{"rendered":"BIOGRAFIA"},"content":{"rendered":"\t\t<div data-elementor-type=\"wp-page\" data-elementor-id=\"109\" class=\"elementor elementor-109\">\n\t\t\t\t\t\t<section class=\"elementor-section elementor-top-section elementor-element elementor-element-2fbc7c3a elementor-section-boxed elementor-section-height-default elementor-section-height-default\" data-id=\"2fbc7c3a\" data-element_type=\"section\" data-e-type=\"section\">\n\t\t\t\t\t\t<div class=\"elementor-container elementor-column-gap-default\">\n\t\t\t\t\t<div class=\"elementor-column elementor-col-100 elementor-top-column elementor-element elementor-element-6b21dbe8\" data-id=\"6b21dbe8\" data-element_type=\"column\" data-e-type=\"column\">\n\t\t\t<div class=\"elementor-widget-wrap elementor-element-populated\">\n\t\t\t\t\t\t<div class=\"elementor-element elementor-element-7b85587 elementor-widget elementor-widget-text-editor\" data-id=\"7b85587\" data-element_type=\"widget\" data-e-type=\"widget\" data-widget_type=\"text-editor.default\">\n\t\t\t\t<div class=\"elementor-widget-container\">\n\t\t\t\t\t\t\t\t\t<p data-start=\"97\" data-end=\"460\">Es pastora principal de la Iglesia Torre Fuerte en New Jersey, Estados Unidos, junto a su esposo, el Pr. Miqueas Vientos. Es madre de dos hijos, Isaac David y Nathan Jeremiah Vientos. Naci\u00f3 en Santa Cruz de la Sierra, Bolivia. Entreg\u00f3 su vida a Jes\u00fas como Se\u00f1or y Salvador a los 19 a\u00f1os, a quien sirve con pasi\u00f3n desde entonces, permaneciendo firme en su llamado.<\/p><p data-start=\"462\" data-end=\"702\">Es conferencista internacional y ha ministrado en diversas naciones, llevando un mensaje de liberaci\u00f3n y del poder del Esp\u00edritu Santo en pa\u00edses como Bolivia, Per\u00fa, Brasil, Chile, Honduras, Rep\u00fablica Dominicana, Puerto Rico y Estados Unidos.<\/p><p data-start=\"704\" data-end=\"947\">Es autora de los libros: <em data-start=\"729\" data-end=\"755\">La esencia de la oraci\u00f3n<\/em>, <em data-start=\"757\" data-end=\"800\">Equipando intercesores para su asignaci\u00f3n<\/em>, <em data-start=\"802\" data-end=\"837\">Pit\u00f3n: el esp\u00edritu de adivinaci\u00f3n<\/em>, <em data-start=\"839\" data-end=\"857\">Manual de vida I<\/em>, <em data-start=\"859\" data-end=\"878\">Brilla y prospera<\/em>, <em data-start=\"880\" data-end=\"912\">Devocional de la mujer que ora<\/em> e <em data-start=\"915\" data-end=\"946\">Historias b\u00edblicas para ni\u00f1os<\/em>.<\/p><p data-start=\"949\" data-end=\"1158\">Lidera el ministerio \u201cMujeres Sin L\u00edmites\u201d, donde desarrolla encuentros de liberaci\u00f3n y sanidad interior, enfocados en levantar, restaurar y activar a mujeres en el cumplimiento de su llamado dentro del Reino.<\/p><p data-start=\"1160\" data-end=\"1240\">Es fundadora de la Escuela de Intercesi\u00f3n Prof\u00e9tica, establecida en el a\u00f1o 2020.<\/p><p data-start=\"1242\" data-end=\"1255\"><strong data-start=\"1242\" data-end=\"1255\">Estudios:<\/strong><\/p><ul data-start=\"1256\" data-end=\"1514\"><li data-section-id=\"1e73f6i\" data-start=\"1256\" data-end=\"1308\">Seminario Teol\u00f3gico por Extensi\u00f3n a las Am\u00e9ricas<\/li><li data-section-id=\"10nl1w3\" data-start=\"1309\" data-end=\"1413\">Diplomado en los cuatro Evangelios y Teo-hermen\u00e9utica en BCC Adonai Elohim Christian University Inc.<\/li><li data-section-id=\"h82ahi\" data-start=\"1414\" data-end=\"1448\">Licenciatura en Derecho (UPDS)<\/li><li data-section-id=\"hk3x0x\" data-start=\"1449\" data-end=\"1514\">Diplomado en Educaci\u00f3n Superior (UPSA, Santa Cruz de la Sierra)<\/li><\/ul>\t\t\t\t\t\t\t\t<\/div>\n\t\t\t\t<\/div>\n\t\t\t\t\t<\/div>\n\t\t<\/div>\n\t\t\t\t\t<\/div>\n\t\t<\/section>\n\t\t\t\t<section class=\"elementor-section elementor-top-section elementor-element elementor-element-b9435c8 elementor-section-boxed elementor-section-height-default elementor-section-height-default\" data-id=\"b9435c8\" data-element_type=\"section\" data-e-type=\"section\">\n\t\t\t\t\t\t<div class=\"elementor-container elementor-column-gap-default\">\n\t\t\t\t\t<div class=\"elementor-column elementor-col-100 elementor-top-column elementor-element elementor-element-c91853d\" data-id=\"c91853d\" data-element_type=\"column\" data-e-type=\"column\">\n\t\t\t<div class=\"elementor-widget-wrap elementor-element-populated\">\n\t\t\t\t\t\t<div class=\"elementor-element elementor-element-5e93b82 elementor-widget elementor-widget-image\" data-id=\"5e93b82\" data-element_type=\"widget\" data-e-type=\"widget\" data-widget_type=\"image.default\">\n\t\t\t\t<div class=\"elementor-widget-container\">\n\t\t\t\t\t\t\t\t\t\t\t\t\t\t\t<img fetchpriority=\"high\" decoding=\"async\" width=\"770\" height=\"289\" src=\"https:\/\/anamariavientos.com\/es\/wp-content\/uploads\/2021\/05\/ana-maria-vientos-1.jpg\" class=\"attachment-large size-large wp-image-1527\" alt=\"\" srcset=\"https:\/\/anamariavientos.com\/es\/wp-content\/uploads\/2021\/05\/ana-maria-vientos-1.jpg 800w, https:\/\/anamariavientos.com\/es\/wp-content\/uploads\/2021\/05\/ana-maria-vientos-1-300x113.jpg 300w, https:\/\/anamariavientos.com\/es\/wp-content\/uploads\/2021\/05\/ana-maria-vientos-1-768x288.jpg 768w\" sizes=\"(max-width: 770px) 100vw, 770px\" \/>\t\t\t\t\t\t\t\t\t\t\t\t\t\t\t<\/div>\n\t\t\t\t<\/div>\n\t\t\t\t\t<\/div>\n\t\t<\/div>\n\t\t\t\t\t<\/div>\n\t\t<\/section>\n\t\t\t\t<section class=\"elementor-section elementor-top-section elementor-element elementor-element-63a0022 elementor-section-boxed elementor-section-height-default elementor-section-height-default\" data-id=\"63a0022\" data-element_type=\"section\" data-e-type=\"section\">\n\t\t\t\t\t\t<div class=\"elementor-container elementor-column-gap-default\">\n\t\t\t\t\t<div class=\"elementor-column elementor-col-100 elementor-top-column elementor-element elementor-element-756a85e\" data-id=\"756a85e\" data-element_type=\"column\" data-e-type=\"column\">\n\t\t\t<div class=\"elementor-widget-wrap elementor-element-populated\">\n\t\t\t\t\t\t<div class=\"elementor-element elementor-element-6e2704f elementor-invisible elementor-widget elementor-widget-text-editor\" data-id=\"6e2704f\" data-element_type=\"widget\" data-e-type=\"widget\" data-settings=\"{&quot;_animation&quot;:&quot;fadeIn&quot;,&quot;_animation_delay&quot;:200}\" data-widget_type=\"text-editor.default\">\n\t\t\t\t<div class=\"elementor-widget-container\">\n\t\t\t\t\t\t\t\t\t<h2 class=\"widget-title\" style=\"text-align: center;\"><span style=\"font-family: 'trebuchet ms', geneva, sans-serif; color: #000000;\">MISI\u00d3N<\/span><\/h2><div class=\"text-holder\"><p><span style=\"color: #000000; font-family: 'trebuchet ms', geneva, sans-serif;\">Es instruir, guiar y preparar a hombres y mujeres a desarrollar una mayor intimidad con Dios a trav\u00e9s de la oraci\u00f3n sabiendo que esto no es una carga sino un deleite, el fin es poder capacitar, entrenar y levantar un ejercito osado y determinado preparado b\u00edblicamente, espiritualmente y emocionalmente para la guerra espiritual para manifestar el poder del reino de Dios en las naciones de la tierra.<\/span><\/p><\/div>\t\t\t\t\t\t\t\t<\/div>\n\t\t\t\t<\/div>\n\t\t\t\t\t<\/div>\n\t\t<\/div>\n\t\t\t\t\t<\/div>\n\t\t<\/section>\n\t\t\t\t<section class=\"elementor-section elementor-top-section elementor-element elementor-element-dc61da6 elementor-section-boxed elementor-section-height-default elementor-section-height-default\" data-id=\"dc61da6\" data-element_type=\"section\" data-e-type=\"section\">\n\t\t\t\t\t\t<div class=\"elementor-container elementor-column-gap-default\">\n\t\t\t\t\t<div class=\"elementor-column elementor-col-50 elementor-top-column elementor-element elementor-element-7c5b57b\" data-id=\"7c5b57b\" data-element_type=\"column\" data-e-type=\"column\">\n\t\t\t<div class=\"elementor-widget-wrap elementor-element-populated\">\n\t\t\t\t\t\t<div class=\"elementor-element elementor-element-839ac56 elementor-widget elementor-widget-image\" data-id=\"839ac56\" data-element_type=\"widget\" data-e-type=\"widget\" data-widget_type=\"image.default\">\n\t\t\t\t<div class=\"elementor-widget-container\">\n\t\t\t\t\t\t\t\t\t\t\t\t\t\t\t\t<a href=\"https:\/\/www.facebook.com\/MiqueasyAnaMVientos\/?ref=pages_you_manage\" target=\"_blank\">\n\t\t\t\t\t\t\t<img decoding=\"async\" width=\"770\" height=\"578\" src=\"https:\/\/anamariavientos.com\/es\/wp-content\/uploads\/2021\/09\/Sin-titulo-1-2-1024x768.png\" class=\"attachment-large size-large wp-image-1833\" alt=\"\" srcset=\"https:\/\/anamariavientos.com\/es\/wp-content\/uploads\/2021\/09\/Sin-titulo-1-2-1024x768.png 1024w, https:\/\/anamariavientos.com\/es\/wp-content\/uploads\/2021\/09\/Sin-titulo-1-2-300x225.png 300w, https:\/\/anamariavientos.com\/es\/wp-content\/uploads\/2021\/09\/Sin-titulo-1-2-768x576.png 768w, https:\/\/anamariavientos.com\/es\/wp-content\/uploads\/2021\/09\/Sin-titulo-1-2.png 1200w\" sizes=\"(max-width: 770px) 100vw, 770px\" \/>\t\t\t\t\t\t\t\t<\/a>\n\t\t\t\t\t\t\t\t\t\t\t\t\t\t\t<\/div>\n\t\t\t\t<\/div>\n\t\t\t\t\t<\/div>\n\t\t<\/div>\n\t\t\t\t<div class=\"elementor-column elementor-col-50 elementor-top-column elementor-element elementor-element-7faf79b\" data-id=\"7faf79b\" data-element_type=\"column\" data-e-type=\"column\">\n\t\t\t<div class=\"elementor-widget-wrap elementor-element-populated\">\n\t\t\t\t\t\t<div class=\"elementor-element elementor-element-2bc9deb elementor-widget elementor-widget-image\" data-id=\"2bc9deb\" data-element_type=\"widget\" data-e-type=\"widget\" data-widget_type=\"image.default\">\n\t\t\t\t<div class=\"elementor-widget-container\">\n\t\t\t\t\t\t\t\t\t\t\t\t\t\t\t\t<a href=\"https:\/\/anamariavientos.com\/es\/invitaciones\/\">\n\t\t\t\t\t\t\t<img decoding=\"async\" width=\"770\" height=\"578\" src=\"https:\/\/anamariavientos.com\/es\/wp-content\/uploads\/2021\/09\/Sin-titulo-2-1024x768.png\" class=\"attachment-large size-large wp-image-1813\" alt=\"\" srcset=\"https:\/\/anamariavientos.com\/es\/wp-content\/uploads\/2021\/09\/Sin-titulo-2-1024x768.png 1024w, https:\/\/anamariavientos.com\/es\/wp-content\/uploads\/2021\/09\/Sin-titulo-2-300x225.png 300w, https:\/\/anamariavientos.com\/es\/wp-content\/uploads\/2021\/09\/Sin-titulo-2-768x576.png 768w, https:\/\/anamariavientos.com\/es\/wp-content\/uploads\/2021\/09\/Sin-titulo-2.png 1200w\" sizes=\"(max-width: 770px) 100vw, 770px\" \/>\t\t\t\t\t\t\t\t<\/a>\n\t\t\t\t\t\t\t\t\t\t\t\t\t\t\t<\/div>\n\t\t\t\t<\/div>\n\t\t\t\t\t<\/div>\n\t\t<\/div>\n\t\t\t\t\t<\/div>\n\t\t<\/section>\n\t\t\t\t<\/div>\n\t\t","protected":false},"excerpt":{"rendered":"<p>Es pastora principal de la Iglesia Torre Fuerte en New Jersey, Estados Unidos, junto a su esposo, el Pr. Miqueas Vientos. Es madre de dos hijos, Isaac David y Nathan Jeremiah Vientos. Naci\u00f3 en Santa Cruz de la Sierra, Bolivia. Entreg\u00f3 su vida a Jes\u00fas como Se\u00f1or y Salvador a &hellip; <\/p>\n","protected":false},"author":1,"featured_media":2218,"parent":0,"menu_order":1,"comment_status":"closed","ping_status":"closed","template":"","meta":{"footnotes":""},"class_list":["post-109","page","type-page","status-publish","has-post-thumbnail","hentry"],"yoast_head":"<!-- This site is optimized with the Yoast SEO plugin v26.8 - https:\/\/yoast.com\/product\/yoast-seo-wordpress\/ -->\n<title>BIOGRAFIA - Ana Maria Vientos<\/title>\n<meta name=\"robots\" content=\"index, follow, max-snippet:-1, max-image-preview:large, max-video-preview:-1\" \/>\n<link rel=\"canonical\" href=\"https:\/\/anamariavientos.com\/es\/biografia\/\" \/>\n<meta property=\"og:locale\" content=\"es_ES\" \/>\n<meta property=\"og:type\" content=\"article\" \/>\n<meta property=\"og:title\" content=\"BIOGRAFIA - Ana Maria Vientos\" \/>\n<meta property=\"og:description\" content=\"Es pastora principal de la Iglesia Torre Fuerte en New Jersey, Estados Unidos, junto a su esposo, el Pr. Miqueas Vientos. Es madre de dos hijos, Isaac David y Nathan Jeremiah Vientos. Naci\u00f3 en Santa Cruz de la Sierra, Bolivia. Entreg\u00f3 su vida a Jes\u00fas como Se\u00f1or y Salvador a &hellip;\" \/>\n<meta property=\"og:url\" content=\"https:\/\/anamariavientos.com\/es\/biografia\/\" \/>\n<meta property=\"og:site_name\" content=\"Ana Maria Vientos\" \/>\n<meta property=\"article:modified_time\" content=\"2026-03-24T13:38:15+00:00\" \/>\n<meta property=\"og:image\" content=\"https:\/\/anamariavientos.com\/es\/wp-content\/uploads\/2026\/02\/627250438_1209042994708097_3148095904778100011_n-1024x694.png\" \/>\n\t<meta property=\"og:image:width\" content=\"1024\" \/>\n\t<meta property=\"og:image:height\" content=\"694\" \/>\n\t<meta property=\"og:image:type\" content=\"image\/png\" \/>\n<meta name=\"twitter:card\" content=\"summary_large_image\" \/>\n<meta name=\"twitter:label1\" content=\"Tiempo de lectura\" \/>\n\t<meta name=\"twitter:data1\" content=\"2 minutos\" \/>\n<script type=\"application\/ld+json\" class=\"yoast-schema-graph\">{\"@context\":\"https:\/\/schema.org\",\"@graph\":[{\"@type\":\"WebPage\",\"@id\":\"https:\/\/anamariavientos.com\/es\/biografia\/\",\"url\":\"https:\/\/anamariavientos.com\/es\/biografia\/\",\"name\":\"BIOGRAFIA - Ana Maria Vientos\",\"isPartOf\":{\"@id\":\"https:\/\/anamariavientos.com\/es\/#website\"},\"primaryImageOfPage\":{\"@id\":\"https:\/\/anamariavientos.com\/es\/biografia\/#primaryimage\"},\"image\":{\"@id\":\"https:\/\/anamariavientos.com\/es\/biografia\/#primaryimage\"},\"thumbnailUrl\":\"https:\/\/anamariavientos.com\/es\/wp-content\/uploads\/2026\/02\/627250438_1209042994708097_3148095904778100011_n.png\",\"datePublished\":\"2021-04-19T17:58:43+00:00\",\"dateModified\":\"2026-03-24T13:38:15+00:00\",\"breadcrumb\":{\"@id\":\"https:\/\/anamariavientos.com\/es\/biografia\/#breadcrumb\"},\"inLanguage\":\"es\",\"potentialAction\":[{\"@type\":\"ReadAction\",\"target\":[\"https:\/\/anamariavientos.com\/es\/biografia\/\"]}]},{\"@type\":\"ImageObject\",\"inLanguage\":\"es\",\"@id\":\"https:\/\/anamariavientos.com\/es\/biografia\/#primaryimage\",\"url\":\"https:\/\/anamariavientos.com\/es\/wp-content\/uploads\/2026\/02\/627250438_1209042994708097_3148095904778100011_n.png\",\"contentUrl\":\"https:\/\/anamariavientos.com\/es\/wp-content\/uploads\/2026\/02\/627250438_1209042994708097_3148095904778100011_n.png\",\"width\":1863,\"height\":1262},{\"@type\":\"BreadcrumbList\",\"@id\":\"https:\/\/anamariavientos.com\/es\/biografia\/#breadcrumb\",\"itemListElement\":[{\"@type\":\"ListItem\",\"position\":1,\"name\":\"Portada\",\"item\":\"https:\/\/anamariavientos.com\/es\/\"},{\"@type\":\"ListItem\",\"position\":2,\"name\":\"BIOGRAFIA\"}]},{\"@type\":\"WebSite\",\"@id\":\"https:\/\/anamariavientos.com\/es\/#website\",\"url\":\"https:\/\/anamariavientos.com\/es\/\",\"name\":\"Ana Maria Vientos\",\"description\":\"MINISTRIES\",\"publisher\":{\"@id\":\"https:\/\/anamariavientos.com\/es\/#organization\"},\"potentialAction\":[{\"@type\":\"SearchAction\",\"target\":{\"@type\":\"EntryPoint\",\"urlTemplate\":\"https:\/\/anamariavientos.com\/es\/?s={search_term_string}\"},\"query-input\":{\"@type\":\"PropertyValueSpecification\",\"valueRequired\":true,\"valueName\":\"search_term_string\"}}],\"inLanguage\":\"es\"},{\"@type\":\"Organization\",\"@id\":\"https:\/\/anamariavientos.com\/es\/#organization\",\"name\":\"Ana Maria Vientos\",\"url\":\"https:\/\/anamariavientos.com\/es\/\",\"logo\":{\"@type\":\"ImageObject\",\"inLanguage\":\"es\",\"@id\":\"https:\/\/anamariavientos.com\/es\/#\/schema\/logo\/image\/\",\"url\":\"\",\"contentUrl\":\"\",\"caption\":\"Ana Maria Vientos\"},\"image\":{\"@id\":\"https:\/\/anamariavientos.com\/es\/#\/schema\/logo\/image\/\"}}]}<\/script>\n<!-- \/ Yoast SEO plugin. -->","yoast_head_json":{"title":"BIOGRAFIA - Ana Maria Vientos","robots":{"index":"index","follow":"follow","max-snippet":"max-snippet:-1","max-image-preview":"max-image-preview:large","max-video-preview":"max-video-preview:-1"},"canonical":"https:\/\/anamariavientos.com\/es\/biografia\/","og_locale":"es_ES","og_type":"article","og_title":"BIOGRAFIA - Ana Maria Vientos","og_description":"Es pastora principal de la Iglesia Torre Fuerte en New Jersey, Estados Unidos, junto a su esposo, el Pr. Miqueas Vientos. Es madre de dos hijos, Isaac David y Nathan Jeremiah Vientos. Naci\u00f3 en Santa Cruz de la Sierra, Bolivia. Entreg\u00f3 su vida a Jes\u00fas como Se\u00f1or y Salvador a &hellip;","og_url":"https:\/\/anamariavientos.com\/es\/biografia\/","og_site_name":"Ana Maria Vientos","article_modified_time":"2026-03-24T13:38:15+00:00","og_image":[{"width":1024,"height":694,"url":"https:\/\/anamariavientos.com\/es\/wp-content\/uploads\/2026\/02\/627250438_1209042994708097_3148095904778100011_n-1024x694.png","type":"image\/png"}],"twitter_card":"summary_large_image","twitter_misc":{"Tiempo de lectura":"2 minutos"},"schema":{"@context":"https:\/\/schema.org","@graph":[{"@type":"WebPage","@id":"https:\/\/anamariavientos.com\/es\/biografia\/","url":"https:\/\/anamariavientos.com\/es\/biografia\/","name":"BIOGRAFIA - Ana Maria Vientos","isPartOf":{"@id":"https:\/\/anamariavientos.com\/es\/#website"},"primaryImageOfPage":{"@id":"https:\/\/anamariavientos.com\/es\/biografia\/#primaryimage"},"image":{"@id":"https:\/\/anamariavientos.com\/es\/biografia\/#primaryimage"},"thumbnailUrl":"https:\/\/anamariavientos.com\/es\/wp-content\/uploads\/2026\/02\/627250438_1209042994708097_3148095904778100011_n.png","datePublished":"2021-04-19T17:58:43+00:00","dateModified":"2026-03-24T13:38:15+00:00","breadcrumb":{"@id":"https:\/\/anamariavientos.com\/es\/biografia\/#breadcrumb"},"inLanguage":"es","potentialAction":[{"@type":"ReadAction","target":["https:\/\/anamariavientos.com\/es\/biografia\/"]}]},{"@type":"ImageObject","inLanguage":"es","@id":"https:\/\/anamariavientos.com\/es\/biografia\/#primaryimage","url":"https:\/\/anamariavientos.com\/es\/wp-content\/uploads\/2026\/02\/627250438_1209042994708097_3148095904778100011_n.png","contentUrl":"https:\/\/anamariavientos.com\/es\/wp-content\/uploads\/2026\/02\/627250438_1209042994708097_3148095904778100011_n.png","width":1863,"height":1262},{"@type":"BreadcrumbList","@id":"https:\/\/anamariavientos.com\/es\/biografia\/#breadcrumb","itemListElement":[{"@type":"ListItem","position":1,"name":"Portada","item":"https:\/\/anamariavientos.com\/es\/"},{"@type":"ListItem","position":2,"name":"BIOGRAFIA"}]},{"@type":"WebSite","@id":"https:\/\/anamariavientos.com\/es\/#website","url":"https:\/\/anamariavientos.com\/es\/","name":"Ana Maria Vientos","description":"MINISTRIES","publisher":{"@id":"https:\/\/anamariavientos.com\/es\/#organization"},"potentialAction":[{"@type":"SearchAction","target":{"@type":"EntryPoint","urlTemplate":"https:\/\/anamariavientos.com\/es\/?s={search_term_string}"},"query-input":{"@type":"PropertyValueSpecification","valueRequired":true,"valueName":"search_term_string"}}],"inLanguage":"es"},{"@type":"Organization","@id":"https:\/\/anamariavientos.com\/es\/#organization","name":"Ana Maria Vientos","url":"https:\/\/anamariavientos.com\/es\/","logo":{"@type":"ImageObject","inLanguage":"es","@id":"https:\/\/anamariavientos.com\/es\/#\/schema\/logo\/image\/","url":"","contentUrl":"","caption":"Ana Maria Vientos"},"image":{"@id":"https:\/\/anamariavientos.com\/es\/#\/schema\/logo\/image\/"}}]}},"jetpack_sharing_enabled":true,"_links":{"self":[{"href":"https:\/\/anamariavientos.com\/es\/wp-json\/wp\/v2\/pages\/109","targetHints":{"allow":["GET"]}}],"collection":[{"href":"https:\/\/anamariavientos.com\/es\/wp-json\/wp\/v2\/pages"}],"about":[{"href":"https:\/\/anamariavientos.com\/es\/wp-json\/wp\/v2\/types\/page"}],"author":[{"embeddable":true,"href":"https:\/\/anamariavientos.com\/es\/wp-json\/wp\/v2\/users\/1"}],"replies":[{"embeddable":true,"href":"https:\/\/anamariavientos.com\/es\/wp-json\/wp\/v2\/comments?post=109"}],"version-history":[{"count":220,"href":"https:\/\/anamariavientos.com\/es\/wp-json\/wp\/v2\/pages\/109\/revisions"}],"predecessor-version":[{"id":2235,"href":"https:\/\/anamariavientos.com\/es\/wp-json\/wp\/v2\/pages\/109\/revisions\/2235"}],"wp:featuredmedia":[{"embeddable":true,"href":"https:\/\/anamariavientos.com\/es\/wp-json\/wp\/v2\/media\/2218"}],"wp:attachment":[{"href":"https:\/\/anamariavientos.com\/es\/wp-json\/wp\/v2\/media?parent=109"}],"curies":[{"name":"wp","href":"https:\/\/api.w.org\/{rel}","templated":true}]}}