{"id":106,"date":"2021-04-19T13:56:27","date_gmt":"2021-04-19T17:56:27","guid":{"rendered":"http:\/\/anamariavientos.com\/es\/?page_id=106"},"modified":"2021-04-29T12:32:03","modified_gmt":"2021-04-29T16:32:03","slug":"oracion","status":"publish","type":"page","link":"https:\/\/anamariavientos.com\/es\/oracion\/","title":{"rendered":"ORACI\u00d3N"},"content":{"rendered":"\t\t<div data-elementor-type=\"wp-page\" data-elementor-id=\"106\" class=\"elementor elementor-106\">\n\t\t\t\t\t\t<section class=\"elementor-section elementor-top-section elementor-element elementor-element-43c4f722 elementor-section-boxed elementor-section-height-default elementor-section-height-default\" data-id=\"43c4f722\" data-element_type=\"section\" data-e-type=\"section\">\n\t\t\t\t\t\t<div class=\"elementor-container elementor-column-gap-default\">\n\t\t\t\t\t<div class=\"elementor-column elementor-col-100 elementor-top-column elementor-element elementor-element-6d222a87\" data-id=\"6d222a87\" data-element_type=\"column\" data-e-type=\"column\">\n\t\t\t<div class=\"elementor-widget-wrap elementor-element-populated\">\n\t\t\t\t\t\t<div class=\"elementor-element elementor-element-d05dbe5 elementor-widget elementor-widget-image\" data-id=\"d05dbe5\" data-element_type=\"widget\" data-e-type=\"widget\" data-widget_type=\"image.default\">\n\t\t\t\t<div class=\"elementor-widget-container\">\n\t\t\t\t\t\t\t\t\t\t\t\t\t\t\t\t<a href=\"https:\/\/anamariavientos.com\/es\/wp-content\/uploads\/2021\/04\/teen.jpg\" data-elementor-open-lightbox=\"yes\" data-elementor-lightbox-title=\"teen\" data-e-action-hash=\"#elementor-action%3Aaction%3Dlightbox%26settings%3DeyJpZCI6MTE5MSwidXJsIjoiaHR0cHM6XC9cL2FuYW1hcmlhdmllbnRvcy5jb21cL2VzXC93cC1jb250ZW50XC91cGxvYWRzXC8yMDIxXC8wNFwvdGVlbi5qcGcifQ%3D%3D\">\n\t\t\t\t\t\t\t<img fetchpriority=\"high\" decoding=\"async\" width=\"770\" height=\"450\" src=\"https:\/\/anamariavientos.com\/es\/wp-content\/uploads\/2021\/04\/teen-770x450.jpg\" class=\"attachment-vandana-lite-blog size-vandana-lite-blog wp-image-1191\" alt=\"\" srcset=\"https:\/\/anamariavientos.com\/es\/wp-content\/uploads\/2021\/04\/teen-770x450.jpg 770w, https:\/\/anamariavientos.com\/es\/wp-content\/uploads\/2021\/04\/teen-570x333.jpg 570w\" sizes=\"(max-width: 770px) 100vw, 770px\" \/>\t\t\t\t\t\t\t\t<\/a>\n\t\t\t\t\t\t\t\t\t\t\t\t\t\t\t<\/div>\n\t\t\t\t<\/div>\n\t\t\t\t\t<\/div>\n\t\t<\/div>\n\t\t\t\t\t<\/div>\n\t\t<\/section>\n\t\t\t\t<section class=\"elementor-section elementor-top-section elementor-element elementor-element-0163647 elementor-section-boxed elementor-section-height-default elementor-section-height-default\" data-id=\"0163647\" data-element_type=\"section\" data-e-type=\"section\">\n\t\t\t\t\t\t<div class=\"elementor-container elementor-column-gap-default\">\n\t\t\t\t\t<div class=\"elementor-column elementor-col-100 elementor-top-column elementor-element elementor-element-a47a9bc\" data-id=\"a47a9bc\" data-element_type=\"column\" data-e-type=\"column\">\n\t\t\t<div class=\"elementor-widget-wrap elementor-element-populated\">\n\t\t\t\t\t\t<div class=\"elementor-element elementor-element-a5bf3a0 elementor-widget elementor-widget-wpforms\" data-id=\"a5bf3a0\" data-element_type=\"widget\" data-e-type=\"widget\" data-widget_type=\"wpforms.default\">\n\t\t\t\t<div class=\"elementor-widget-container\">\n\t\t\t\t\t<div class=\"wpforms-container wpforms-container-full anavientoscontactogmailcom\" id=\"wpforms-1477\"><form id=\"wpforms-form-1477\" class=\"wpforms-validate wpforms-form\" data-formid=\"1477\" method=\"post\" enctype=\"multipart\/form-data\" action=\"\/es\/wp-json\/wp\/v2\/pages\/106\" data-token=\"a72db61dbe152ea6d2ec54dc552b23ba\" data-token-time=\"1778489226\"><div class=\"wpforms-head-container\"><div class=\"wpforms-title\">ORACI\u00d3N<\/div><div class=\"wpforms-description\">Queremos orar con fe por tu necesidad, de antemano agradecemos a Dios porque sabemos que el responder\u00e1 todo clamor. D\u00e9janos aqu\u00ed tus motivos de oraci\u00f3n. EMAIL: anavientoscontacto@gmail.com Iglesia Torre Fuerte. New Jersey.<\/div><\/div><noscript class=\"wpforms-error-noscript\">Por favor, activa JavaScript en tu navegador para completar este formulario.<\/noscript><div class=\"wpforms-field-container\"><div id=\"wpforms-1477-field_0-container\" class=\"wpforms-field wpforms-field-name\" data-field-id=\"0\"><label class=\"wpforms-field-label\">Nombre <span class=\"wpforms-required-label\">*<\/span><\/label><div class=\"wpforms-field-row wpforms-field-medium\"><div class=\"wpforms-field-row-block wpforms-first wpforms-one-half\"><input type=\"text\" id=\"wpforms-1477-field_0\" class=\"wpforms-field-name-first wpforms-field-required\" name=\"wpforms[fields][0][first]\" required><label for=\"wpforms-1477-field_0\" class=\"wpforms-field-sublabel after\">Nombre<\/label><\/div><div class=\"wpforms-field-row-block wpforms-one-half\"><input type=\"text\" id=\"wpforms-1477-field_0-last\" class=\"wpforms-field-name-last wpforms-field-required\" name=\"wpforms[fields][0][last]\" required><label for=\"wpforms-1477-field_0-last\" class=\"wpforms-field-sublabel after\">Apellidos<\/label><\/div><\/div><\/div><div id=\"wpforms-1477-field_1-container\" class=\"wpforms-field wpforms-field-email\" data-field-id=\"1\"><label class=\"wpforms-field-label\" for=\"wpforms-1477-field_1\">Correo electr\u00f3nico <span class=\"wpforms-required-label\">*<\/span><\/label><input type=\"email\" id=\"wpforms-1477-field_1\" class=\"wpforms-field-medium wpforms-field-required\" name=\"wpforms[fields][1]\" spellcheck=\"false\" required><\/div><div id=\"wpforms-1477-field_2-container\" class=\"wpforms-field wpforms-field-textarea\" data-field-id=\"2\"><label class=\"wpforms-field-label\" for=\"wpforms-1477-field_2\">Comentario o mensaje <span class=\"wpforms-required-label\">*<\/span><\/label><textarea id=\"wpforms-1477-field_2\" class=\"wpforms-field-medium wpforms-field-required\" name=\"wpforms[fields][2]\" required><\/textarea><\/div><\/div><!-- .wpforms-field-container --><div class=\"wpforms-submit-container\" ><input type=\"hidden\" name=\"wpforms[id]\" value=\"1477\"><input type=\"hidden\" name=\"page_title\" value=\"\"><input type=\"hidden\" name=\"page_url\" value=\"https:\/\/anamariavientos.com\/es\/wp-json\/wp\/v2\/pages\/106\"><input type=\"hidden\" name=\"url_referer\" value=\"\"><button type=\"submit\" name=\"wpforms[submit]\" id=\"wpforms-submit-1477\" class=\"wpforms-submit\" data-alt-text=\"Enviando...\" data-submit-text=\"Enviar\" aria-live=\"assertive\" value=\"wpforms-submit\">Enviar<\/button><\/div><\/form><\/div>  <!-- .wpforms-container -->\t\t\t\t<\/div>\n\t\t\t\t<\/div>\n\t\t\t\t\t<\/div>\n\t\t<\/div>\n\t\t\t\t\t<\/div>\n\t\t<\/section>\n\t\t\t\t<\/div>\n\t\t","protected":false},"excerpt":{"rendered":"","protected":false},"author":1,"featured_media":0,"parent":0,"menu_order":4,"comment_status":"closed","ping_status":"closed","template":"","meta":{"footnotes":""},"class_list":["post-106","page","type-page","status-publish","hentry"],"yoast_head":"<!-- This site is optimized with the Yoast SEO plugin v26.8 - https:\/\/yoast.com\/product\/yoast-seo-wordpress\/ -->\n<title>ORACI\u00d3N - Ana Maria Vientos<\/title>\n<meta name=\"robots\" content=\"index, follow, max-snippet:-1, max-image-preview:large, max-video-preview:-1\" \/>\n<link rel=\"canonical\" href=\"https:\/\/anamariavientos.com\/es\/oracion\/\" \/>\n<meta property=\"og:locale\" content=\"es_ES\" \/>\n<meta property=\"og:type\" content=\"article\" \/>\n<meta property=\"og:title\" content=\"ORACI\u00d3N - Ana Maria Vientos\" \/>\n<meta property=\"og:url\" content=\"https:\/\/anamariavientos.com\/es\/oracion\/\" \/>\n<meta property=\"og:site_name\" content=\"Ana Maria Vientos\" \/>\n<meta property=\"article:modified_time\" content=\"2021-04-29T16:32:03+00:00\" \/>\n<meta property=\"og:image\" content=\"https:\/\/anamariavientos.com\/es\/wp-content\/uploads\/2021\/04\/teen-770x450.jpg\" \/>\n<meta name=\"twitter:card\" content=\"summary_large_image\" \/>\n<meta name=\"twitter:label1\" content=\"Tiempo de lectura\" \/>\n\t<meta name=\"twitter:data1\" content=\"1 minuto\" \/>\n<script type=\"application\/ld+json\" class=\"yoast-schema-graph\">{\"@context\":\"https:\/\/schema.org\",\"@graph\":[{\"@type\":\"WebPage\",\"@id\":\"https:\/\/anamariavientos.com\/es\/oracion\/\",\"url\":\"https:\/\/anamariavientos.com\/es\/oracion\/\",\"name\":\"ORACI\u00d3N - Ana Maria Vientos\",\"isPartOf\":{\"@id\":\"https:\/\/anamariavientos.com\/es\/#website\"},\"primaryImageOfPage\":{\"@id\":\"https:\/\/anamariavientos.com\/es\/oracion\/#primaryimage\"},\"image\":{\"@id\":\"https:\/\/anamariavientos.com\/es\/oracion\/#primaryimage\"},\"thumbnailUrl\":\"https:\/\/anamariavientos.com\/es\/wp-content\/uploads\/2021\/04\/teen-770x450.jpg\",\"datePublished\":\"2021-04-19T17:56:27+00:00\",\"dateModified\":\"2021-04-29T16:32:03+00:00\",\"breadcrumb\":{\"@id\":\"https:\/\/anamariavientos.com\/es\/oracion\/#breadcrumb\"},\"inLanguage\":\"es\",\"potentialAction\":[{\"@type\":\"ReadAction\",\"target\":[\"https:\/\/anamariavientos.com\/es\/oracion\/\"]}]},{\"@type\":\"ImageObject\",\"inLanguage\":\"es\",\"@id\":\"https:\/\/anamariavientos.com\/es\/oracion\/#primaryimage\",\"url\":\"https:\/\/anamariavientos.com\/es\/wp-content\/uploads\/2021\/04\/teen.jpg\",\"contentUrl\":\"https:\/\/anamariavientos.com\/es\/wp-content\/uploads\/2021\/04\/teen.jpg\",\"width\":1600,\"height\":1068},{\"@type\":\"BreadcrumbList\",\"@id\":\"https:\/\/anamariavientos.com\/es\/oracion\/#breadcrumb\",\"itemListElement\":[{\"@type\":\"ListItem\",\"position\":1,\"name\":\"Portada\",\"item\":\"https:\/\/anamariavientos.com\/es\/\"},{\"@type\":\"ListItem\",\"position\":2,\"name\":\"ORACI\u00d3N\"}]},{\"@type\":\"WebSite\",\"@id\":\"https:\/\/anamariavientos.com\/es\/#website\",\"url\":\"https:\/\/anamariavientos.com\/es\/\",\"name\":\"Ana Maria Vientos\",\"description\":\"MINISTRIES\",\"publisher\":{\"@id\":\"https:\/\/anamariavientos.com\/es\/#organization\"},\"potentialAction\":[{\"@type\":\"SearchAction\",\"target\":{\"@type\":\"EntryPoint\",\"urlTemplate\":\"https:\/\/anamariavientos.com\/es\/?s={search_term_string}\"},\"query-input\":{\"@type\":\"PropertyValueSpecification\",\"valueRequired\":true,\"valueName\":\"search_term_string\"}}],\"inLanguage\":\"es\"},{\"@type\":\"Organization\",\"@id\":\"https:\/\/anamariavientos.com\/es\/#organization\",\"name\":\"Ana Maria Vientos\",\"url\":\"https:\/\/anamariavientos.com\/es\/\",\"logo\":{\"@type\":\"ImageObject\",\"inLanguage\":\"es\",\"@id\":\"https:\/\/anamariavientos.com\/es\/#\/schema\/logo\/image\/\",\"url\":\"\",\"contentUrl\":\"\",\"caption\":\"Ana Maria Vientos\"},\"image\":{\"@id\":\"https:\/\/anamariavientos.com\/es\/#\/schema\/logo\/image\/\"}}]}<\/script>\n<!-- \/ Yoast SEO plugin. -->","yoast_head_json":{"title":"ORACI\u00d3N - Ana Maria Vientos","robots":{"index":"index","follow":"follow","max-snippet":"max-snippet:-1","max-image-preview":"max-image-preview:large","max-video-preview":"max-video-preview:-1"},"canonical":"https:\/\/anamariavientos.com\/es\/oracion\/","og_locale":"es_ES","og_type":"article","og_title":"ORACI\u00d3N - Ana Maria Vientos","og_url":"https:\/\/anamariavientos.com\/es\/oracion\/","og_site_name":"Ana Maria Vientos","article_modified_time":"2021-04-29T16:32:03+00:00","og_image":[{"url":"https:\/\/anamariavientos.com\/es\/wp-content\/uploads\/2021\/04\/teen-770x450.jpg","type":"","width":"","height":""}],"twitter_card":"summary_large_image","twitter_misc":{"Tiempo de lectura":"1 minuto"},"schema":{"@context":"https:\/\/schema.org","@graph":[{"@type":"WebPage","@id":"https:\/\/anamariavientos.com\/es\/oracion\/","url":"https:\/\/anamariavientos.com\/es\/oracion\/","name":"ORACI\u00d3N - Ana Maria Vientos","isPartOf":{"@id":"https:\/\/anamariavientos.com\/es\/#website"},"primaryImageOfPage":{"@id":"https:\/\/anamariavientos.com\/es\/oracion\/#primaryimage"},"image":{"@id":"https:\/\/anamariavientos.com\/es\/oracion\/#primaryimage"},"thumbnailUrl":"https:\/\/anamariavientos.com\/es\/wp-content\/uploads\/2021\/04\/teen-770x450.jpg","datePublished":"2021-04-19T17:56:27+00:00","dateModified":"2021-04-29T16:32:03+00:00","breadcrumb":{"@id":"https:\/\/anamariavientos.com\/es\/oracion\/#breadcrumb"},"inLanguage":"es","potentialAction":[{"@type":"ReadAction","target":["https:\/\/anamariavientos.com\/es\/oracion\/"]}]},{"@type":"ImageObject","inLanguage":"es","@id":"https:\/\/anamariavientos.com\/es\/oracion\/#primaryimage","url":"https:\/\/anamariavientos.com\/es\/wp-content\/uploads\/2021\/04\/teen.jpg","contentUrl":"https:\/\/anamariavientos.com\/es\/wp-content\/uploads\/2021\/04\/teen.jpg","width":1600,"height":1068},{"@type":"BreadcrumbList","@id":"https:\/\/anamariavientos.com\/es\/oracion\/#breadcrumb","itemListElement":[{"@type":"ListItem","position":1,"name":"Portada","item":"https:\/\/anamariavientos.com\/es\/"},{"@type":"ListItem","position":2,"name":"ORACI\u00d3N"}]},{"@type":"WebSite","@id":"https:\/\/anamariavientos.com\/es\/#website","url":"https:\/\/anamariavientos.com\/es\/","name":"Ana Maria Vientos","description":"MINISTRIES","publisher":{"@id":"https:\/\/anamariavientos.com\/es\/#organization"},"potentialAction":[{"@type":"SearchAction","target":{"@type":"EntryPoint","urlTemplate":"https:\/\/anamariavientos.com\/es\/?s={search_term_string}"},"query-input":{"@type":"PropertyValueSpecification","valueRequired":true,"valueName":"search_term_string"}}],"inLanguage":"es"},{"@type":"Organization","@id":"https:\/\/anamariavientos.com\/es\/#organization","name":"Ana Maria Vientos","url":"https:\/\/anamariavientos.com\/es\/","logo":{"@type":"ImageObject","inLanguage":"es","@id":"https:\/\/anamariavientos.com\/es\/#\/schema\/logo\/image\/","url":"","contentUrl":"","caption":"Ana Maria Vientos"},"image":{"@id":"https:\/\/anamariavientos.com\/es\/#\/schema\/logo\/image\/"}}]}},"jetpack_sharing_enabled":true,"_links":{"self":[{"href":"https:\/\/anamariavientos.com\/es\/wp-json\/wp\/v2\/pages\/106","targetHints":{"allow":["GET"]}}],"collection":[{"href":"https:\/\/anamariavientos.com\/es\/wp-json\/wp\/v2\/pages"}],"about":[{"href":"https:\/\/anamariavientos.com\/es\/wp-json\/wp\/v2\/types\/page"}],"author":[{"embeddable":true,"href":"https:\/\/anamariavientos.com\/es\/wp-json\/wp\/v2\/users\/1"}],"replies":[{"embeddable":true,"href":"https:\/\/anamariavientos.com\/es\/wp-json\/wp\/v2\/comments?post=106"}],"version-history":[{"count":23,"href":"https:\/\/anamariavientos.com\/es\/wp-json\/wp\/v2\/pages\/106\/revisions"}],"predecessor-version":[{"id":1483,"href":"https:\/\/anamariavientos.com\/es\/wp-json\/wp\/v2\/pages\/106\/revisions\/1483"}],"wp:attachment":[{"href":"https:\/\/anamariavientos.com\/es\/wp-json\/wp\/v2\/media?parent=106"}],"curies":[{"name":"wp","href":"https:\/\/api.w.org\/{rel}","templated":true}]}}