{"id":104,"date":"2021-04-19T13:54:40","date_gmt":"2021-04-19T17:54:40","guid":{"rendered":"http:\/\/anamariavientos.com\/es\/?page_id=104"},"modified":"2021-04-23T13:24:10","modified_gmt":"2021-04-23T17:24:10","slug":"escuela-de-intercesion-profetica","status":"publish","type":"page","link":"https:\/\/anamariavientos.com\/es\/escuela-de-intercesion-profetica\/","title":{"rendered":"ESCUELA DE INTERCESI\u00d3N"},"content":{"rendered":"\t\t<div data-elementor-type=\"wp-page\" data-elementor-id=\"104\" class=\"elementor elementor-104\">\n\t\t\t\t\t\t<section class=\"elementor-section elementor-top-section elementor-element elementor-element-6513f52e elementor-section-boxed elementor-section-height-default elementor-section-height-default\" data-id=\"6513f52e\" data-element_type=\"section\" data-e-type=\"section\">\n\t\t\t\t\t\t<div class=\"elementor-container elementor-column-gap-default\">\n\t\t\t\t\t<div class=\"elementor-column elementor-col-100 elementor-top-column elementor-element elementor-element-3ae5d50b\" data-id=\"3ae5d50b\" data-element_type=\"column\" data-e-type=\"column\">\n\t\t\t<div class=\"elementor-widget-wrap elementor-element-populated\">\n\t\t\t\t\t\t<div class=\"elementor-element elementor-element-222cdb5 elementor-widget elementor-widget-image\" data-id=\"222cdb5\" data-element_type=\"widget\" data-e-type=\"widget\" data-widget_type=\"image.default\">\n\t\t\t\t<div class=\"elementor-widget-container\">\n\t\t\t\t\t\t\t\t\t\t\t\t\t\t\t<img fetchpriority=\"high\" decoding=\"async\" width=\"1170\" height=\"600\" src=\"https:\/\/anamariavientos.com\/es\/wp-content\/uploads\/2021\/04\/Sin-titulo-1-5-1170x600.png\" class=\"attachment-vandana-lite-blog-full size-vandana-lite-blog-full wp-image-822\" alt=\"\" \/>\t\t\t\t\t\t\t\t\t\t\t\t\t\t\t<\/div>\n\t\t\t\t<\/div>\n\t\t\t\t<div class=\"elementor-element elementor-element-68f3cc49 elementor-widget elementor-widget-text-editor\" data-id=\"68f3cc49\" data-element_type=\"widget\" data-e-type=\"widget\" data-widget_type=\"text-editor.default\">\n\t\t\t\t<div class=\"elementor-widget-container\">\n\t\t\t\t\t\t\t\t\t<p style=\"text-align: center;\"><span style=\"font-size: 24pt; font-family: 'trebuchet ms', geneva, sans-serif; color: #000000;\">Crece en la eficacia y el poder de la intercesi\u00f3n prof\u00e9tica.<\/span><\/p><p style=\"text-align: center;\"><span style=\"font-family: 'trebuchet ms', geneva, sans-serif; color: #000000;\">Nuestro objetivo es equipar, adiestrar, ense\u00f1ar e enviar intercesores prof\u00e9ticos a diferentes posiciones de la iglesia local, ministerios y naciones, a trav\u00e9s de manuales libros y ense\u00f1anzas basadas en el conocimiento b\u00edblico de las escrituras y el reino de autoridad implantado por Jesucristo, manteniendo siempre el equilibrio entre nuestro cuerpo, alma y esp\u00edritu.<\/span><\/p>\t\t\t\t\t\t\t\t<\/div>\n\t\t\t\t<\/div>\n\t\t\t\t\t<\/div>\n\t\t<\/div>\n\t\t\t\t\t<\/div>\n\t\t<\/section>\n\t\t\t\t<section class=\"elementor-section elementor-top-section elementor-element elementor-element-0b43030 elementor-section-boxed elementor-section-height-default elementor-section-height-default\" data-id=\"0b43030\" data-element_type=\"section\" data-e-type=\"section\">\n\t\t\t\t\t\t<div class=\"elementor-container elementor-column-gap-wider\">\n\t\t\t\t\t<div class=\"elementor-column elementor-col-25 elementor-top-column elementor-element elementor-element-e47f8d2\" data-id=\"e47f8d2\" data-element_type=\"column\" data-e-type=\"column\">\n\t\t\t<div class=\"elementor-widget-wrap elementor-element-populated\">\n\t\t\t\t\t\t<div class=\"elementor-element elementor-element-821d47a elementor-widget elementor-widget-image\" data-id=\"821d47a\" data-element_type=\"widget\" data-e-type=\"widget\" data-widget_type=\"image.default\">\n\t\t\t\t<div class=\"elementor-widget-container\">\n\t\t\t\t\t\t\t\t\t\t\t\t\t\t\t<img decoding=\"async\" width=\"700\" height=\"213\" src=\"https:\/\/anamariavientos.com\/es\/wp-content\/uploads\/2021\/04\/MODULO-1-1.png\" class=\"attachment-large size-large wp-image-866\" alt=\"\" srcset=\"https:\/\/anamariavientos.com\/es\/wp-content\/uploads\/2021\/04\/MODULO-1-1.png 700w, https:\/\/anamariavientos.com\/es\/wp-content\/uploads\/2021\/04\/MODULO-1-1-300x91.png 300w\" sizes=\"(max-width: 700px) 100vw, 700px\" \/>\t\t\t\t\t\t\t\t\t\t\t\t\t\t\t<\/div>\n\t\t\t\t<\/div>\n\t\t\t\t<div class=\"elementor-element elementor-element-bf489cd elementor-widget elementor-widget-text-editor\" data-id=\"bf489cd\" data-element_type=\"widget\" data-e-type=\"widget\" data-widget_type=\"text-editor.default\">\n\t\t\t\t<div class=\"elementor-widget-container\">\n\t\t\t\t\t\t\t\t\t<ol><li style=\"text-align: left;\">Porque las personas no oran.<\/li><li style=\"text-align: left;\">Que esta buscando Dios.<\/li><\/ol>\t\t\t\t\t\t\t\t<\/div>\n\t\t\t\t<\/div>\n\t\t\t\t\t<\/div>\n\t\t<\/div>\n\t\t\t\t<div class=\"elementor-column elementor-col-25 elementor-top-column elementor-element elementor-element-10064f8\" data-id=\"10064f8\" data-element_type=\"column\" data-e-type=\"column\">\n\t\t\t<div class=\"elementor-widget-wrap elementor-element-populated\">\n\t\t\t\t\t\t<div class=\"elementor-element elementor-element-fa78d35 elementor-widget elementor-widget-image\" data-id=\"fa78d35\" data-element_type=\"widget\" data-e-type=\"widget\" data-widget_type=\"image.default\">\n\t\t\t\t<div class=\"elementor-widget-container\">\n\t\t\t\t\t\t\t\t\t\t\t\t\t\t\t<img decoding=\"async\" width=\"700\" height=\"213\" src=\"https:\/\/anamariavientos.com\/es\/wp-content\/uploads\/2021\/04\/MODULO-2-1.png\" class=\"attachment-large size-large wp-image-867\" alt=\"\" srcset=\"https:\/\/anamariavientos.com\/es\/wp-content\/uploads\/2021\/04\/MODULO-2-1.png 700w, https:\/\/anamariavientos.com\/es\/wp-content\/uploads\/2021\/04\/MODULO-2-1-300x91.png 300w\" sizes=\"(max-width: 700px) 100vw, 700px\" \/>\t\t\t\t\t\t\t\t\t\t\t\t\t\t\t<\/div>\n\t\t\t\t<\/div>\n\t\t\t\t<div class=\"elementor-element elementor-element-943e8d9 elementor-widget elementor-widget-text-editor\" data-id=\"943e8d9\" data-element_type=\"widget\" data-e-type=\"widget\" data-widget_type=\"text-editor.default\">\n\t\t\t\t<div class=\"elementor-widget-container\">\n\t\t\t\t\t\t\t\t\t<ol><li style=\"text-align: left;\">Que es interceder.<\/li><li style=\"text-align: left;\">Caracter\u00edsticas de un intercesor.<\/li><li style=\"text-align: left;\">Como interceder en el esp\u00edritu.<\/li><\/ol>\t\t\t\t\t\t\t\t<\/div>\n\t\t\t\t<\/div>\n\t\t\t\t\t<\/div>\n\t\t<\/div>\n\t\t\t\t<div class=\"elementor-column elementor-col-25 elementor-top-column elementor-element elementor-element-239157a\" data-id=\"239157a\" data-element_type=\"column\" data-e-type=\"column\">\n\t\t\t<div class=\"elementor-widget-wrap elementor-element-populated\">\n\t\t\t\t\t\t<div class=\"elementor-element elementor-element-679778c elementor-widget elementor-widget-image\" data-id=\"679778c\" data-element_type=\"widget\" data-e-type=\"widget\" data-widget_type=\"image.default\">\n\t\t\t\t<div class=\"elementor-widget-container\">\n\t\t\t\t\t\t\t\t\t\t\t\t\t\t\t<img loading=\"lazy\" decoding=\"async\" width=\"700\" height=\"213\" src=\"https:\/\/anamariavientos.com\/es\/wp-content\/uploads\/2021\/04\/MODULO-3-1.png\" class=\"attachment-large size-large wp-image-868\" alt=\"\" srcset=\"https:\/\/anamariavientos.com\/es\/wp-content\/uploads\/2021\/04\/MODULO-3-1.png 700w, https:\/\/anamariavientos.com\/es\/wp-content\/uploads\/2021\/04\/MODULO-3-1-300x91.png 300w\" sizes=\"(max-width: 700px) 100vw, 700px\" \/>\t\t\t\t\t\t\t\t\t\t\t\t\t\t\t<\/div>\n\t\t\t\t<\/div>\n\t\t\t\t<div class=\"elementor-element elementor-element-72162bd elementor-widget elementor-widget-text-editor\" data-id=\"72162bd\" data-element_type=\"widget\" data-e-type=\"widget\" data-widget_type=\"text-editor.default\">\n\t\t\t\t<div class=\"elementor-widget-container\">\n\t\t\t\t\t\t\t\t\t<ol><li style=\"text-align: left;\">Como crear y desarrollar un ministerio de intercesi\u00f3n en la iglesia.<\/li><li style=\"text-align: left;\">El proceso de un intercesor.<\/li><\/ol>\t\t\t\t\t\t\t\t<\/div>\n\t\t\t\t<\/div>\n\t\t\t\t\t<\/div>\n\t\t<\/div>\n\t\t\t\t<div class=\"elementor-column elementor-col-25 elementor-top-column elementor-element elementor-element-206c3e2\" data-id=\"206c3e2\" data-element_type=\"column\" data-e-type=\"column\">\n\t\t\t<div class=\"elementor-widget-wrap elementor-element-populated\">\n\t\t\t\t\t\t<div class=\"elementor-element elementor-element-64ea39f elementor-widget elementor-widget-image\" data-id=\"64ea39f\" data-element_type=\"widget\" data-e-type=\"widget\" data-widget_type=\"image.default\">\n\t\t\t\t<div class=\"elementor-widget-container\">\n\t\t\t\t\t\t\t\t\t\t\t\t\t\t\t<img loading=\"lazy\" decoding=\"async\" width=\"700\" height=\"213\" src=\"https:\/\/anamariavientos.com\/es\/wp-content\/uploads\/2021\/04\/MODULO-4-1.png\" class=\"attachment-large size-large wp-image-869\" alt=\"\" srcset=\"https:\/\/anamariavientos.com\/es\/wp-content\/uploads\/2021\/04\/MODULO-4-1.png 700w, https:\/\/anamariavientos.com\/es\/wp-content\/uploads\/2021\/04\/MODULO-4-1-300x91.png 300w\" sizes=\"(max-width: 700px) 100vw, 700px\" \/>\t\t\t\t\t\t\t\t\t\t\t\t\t\t\t<\/div>\n\t\t\t\t<\/div>\n\t\t\t\t<div class=\"elementor-element elementor-element-05433dc elementor-widget elementor-widget-text-editor\" data-id=\"05433dc\" data-element_type=\"widget\" data-e-type=\"widget\" data-widget_type=\"text-editor.default\">\n\t\t\t\t<div class=\"elementor-widget-container\">\n\t\t\t\t\t\t\t\t\t<ol><li>El mayor ataque para el intercesor y su auto liberaci\u00f3n.<\/li><li>El compromiso<\/li><li>Gu\u00eda para orar eficazmente.<\/li><\/ol>\t\t\t\t\t\t\t\t<\/div>\n\t\t\t\t<\/div>\n\t\t\t\t\t<\/div>\n\t\t<\/div>\n\t\t\t\t\t<\/div>\n\t\t<\/section>\n\t\t\t\t<section class=\"elementor-section elementor-top-section elementor-element elementor-element-a763689 elementor-section-boxed elementor-section-height-default elementor-section-height-default\" data-id=\"a763689\" data-element_type=\"section\" data-e-type=\"section\">\n\t\t\t\t\t\t<div class=\"elementor-container elementor-column-gap-default\">\n\t\t\t\t\t<div class=\"elementor-column elementor-col-33 elementor-top-column elementor-element elementor-element-27a8590\" data-id=\"27a8590\" data-element_type=\"column\" data-e-type=\"column\">\n\t\t\t<div class=\"elementor-widget-wrap elementor-element-populated\">\n\t\t\t\t\t\t<div class=\"elementor-element elementor-element-3caec6d elementor-widget elementor-widget-image\" data-id=\"3caec6d\" data-element_type=\"widget\" data-e-type=\"widget\" data-widget_type=\"image.default\">\n\t\t\t\t<div class=\"elementor-widget-container\">\n\t\t\t\t\t\t\t\t\t\t\t\t\t\t\t<img loading=\"lazy\" decoding=\"async\" width=\"539\" height=\"619\" src=\"https:\/\/anamariavientos.com\/es\/wp-content\/uploads\/2021\/04\/11.png\" class=\"attachment-large size-large wp-image-1114\" alt=\"\" srcset=\"https:\/\/anamariavientos.com\/es\/wp-content\/uploads\/2021\/04\/11.png 539w, https:\/\/anamariavientos.com\/es\/wp-content\/uploads\/2021\/04\/11-261x300.png 261w\" sizes=\"(max-width: 539px) 100vw, 539px\" \/>\t\t\t\t\t\t\t\t\t\t\t\t\t\t\t<\/div>\n\t\t\t\t<\/div>\n\t\t\t\t\t<\/div>\n\t\t<\/div>\n\t\t\t\t<div class=\"elementor-column elementor-col-66 elementor-top-column elementor-element elementor-element-589b27b\" data-id=\"589b27b\" data-element_type=\"column\" data-e-type=\"column\">\n\t\t\t<div class=\"elementor-widget-wrap elementor-element-populated\">\n\t\t\t\t\t\t<div class=\"elementor-element elementor-element-7a57531 elementor-widget elementor-widget-wp-widget-wpforms-widget\" data-id=\"7a57531\" data-element_type=\"widget\" data-e-type=\"widget\" data-widget_type=\"wp-widget-wpforms-widget.default\">\n\t\t\t\t<div class=\"elementor-widget-container\">\n\t\t\t\t\t<div class=\"wpforms-container wpforms-container-full\" id=\"wpforms-1096\"><form id=\"wpforms-form-1096\" class=\"wpforms-validate wpforms-form\" data-formid=\"1096\" method=\"post\" enctype=\"multipart\/form-data\" action=\"\/es\/wp-json\/wp\/v2\/pages\/104\" data-token=\"972ebfaa4eac2f5a0c1fe3b848b0abcd\" data-token-time=\"1778489179\"><noscript class=\"wpforms-error-noscript\">Por favor, activa JavaScript en tu navegador para completar este formulario.<\/noscript><div class=\"wpforms-field-container\"><div id=\"wpforms-1096-field_0-container\" class=\"wpforms-field wpforms-field-name\" data-field-id=\"0\"><label class=\"wpforms-field-label\">Nombre <span class=\"wpforms-required-label\">*<\/span><\/label><div class=\"wpforms-field-row wpforms-field-medium\"><div class=\"wpforms-field-row-block wpforms-first wpforms-one-half\"><input type=\"text\" id=\"wpforms-1096-field_0\" class=\"wpforms-field-name-first wpforms-field-required\" name=\"wpforms[fields][0][first]\" required><label for=\"wpforms-1096-field_0\" class=\"wpforms-field-sublabel after\">Nombre<\/label><\/div><div class=\"wpforms-field-row-block wpforms-one-half\"><input type=\"text\" id=\"wpforms-1096-field_0-last\" class=\"wpforms-field-name-last wpforms-field-required\" name=\"wpforms[fields][0][last]\" required><label for=\"wpforms-1096-field_0-last\" class=\"wpforms-field-sublabel after\">Apellidos<\/label><\/div><\/div><\/div><div id=\"wpforms-1096-field_1-container\" class=\"wpforms-field wpforms-field-email\" data-field-id=\"1\"><label class=\"wpforms-field-label\" for=\"wpforms-1096-field_1\">Correo electr\u00f3nico <span class=\"wpforms-required-label\">*<\/span><\/label><input type=\"email\" id=\"wpforms-1096-field_1\" class=\"wpforms-field-medium wpforms-field-required\" name=\"wpforms[fields][1]\" spellcheck=\"false\" required><\/div><div id=\"wpforms-1096-field_2-container\" class=\"wpforms-field wpforms-field-textarea\" data-field-id=\"2\"><label class=\"wpforms-field-label\" for=\"wpforms-1096-field_2\">Comentario o mensaje <span class=\"wpforms-required-label\">*<\/span><\/label><textarea id=\"wpforms-1096-field_2\" class=\"wpforms-field-medium wpforms-field-required\" name=\"wpforms[fields][2]\" required><\/textarea><\/div><\/div><!-- .wpforms-field-container --><div class=\"wpforms-submit-container\" ><input type=\"hidden\" name=\"wpforms[id]\" value=\"1096\"><input type=\"hidden\" name=\"page_title\" value=\"\"><input type=\"hidden\" name=\"page_url\" value=\"https:\/\/anamariavientos.com\/es\/wp-json\/wp\/v2\/pages\/104\"><input type=\"hidden\" name=\"url_referer\" value=\"\"><button type=\"submit\" name=\"wpforms[submit]\" id=\"wpforms-submit-1096\" class=\"wpforms-submit\" data-alt-text=\"Enviando...\" data-submit-text=\"Enviar\" aria-live=\"assertive\" value=\"wpforms-submit\">Enviar<\/button><\/div><\/form><\/div>  <!-- .wpforms-container -->\t\t\t\t<\/div>\n\t\t\t\t<\/div>\n\t\t\t\t\t<\/div>\n\t\t<\/div>\n\t\t\t\t\t<\/div>\n\t\t<\/section>\n\t\t\t\t<\/div>\n\t\t","protected":false},"excerpt":{"rendered":"<p>Crece en la eficacia y el poder de la intercesi\u00f3n prof\u00e9tica. Nuestro objetivo es equipar, adiestrar, ense\u00f1ar e enviar intercesores prof\u00e9ticos a diferentes posiciones de la iglesia local, ministerios y naciones, a trav\u00e9s de manuales libros y ense\u00f1anzas basadas en el conocimiento b\u00edblico de las escrituras y el reino de &hellip; <\/p>\n","protected":false},"author":1,"featured_media":0,"parent":0,"menu_order":2,"comment_status":"closed","ping_status":"closed","template":"elementor_header_footer","meta":{"footnotes":""},"class_list":["post-104","page","type-page","status-publish","hentry"],"yoast_head":"<!-- This site is optimized with the Yoast SEO plugin v26.8 - https:\/\/yoast.com\/product\/yoast-seo-wordpress\/ -->\n<title>ESCUELA DE INTERCESI\u00d3N - Ana Maria Vientos<\/title>\n<meta name=\"robots\" content=\"index, follow, max-snippet:-1, max-image-preview:large, max-video-preview:-1\" \/>\n<link rel=\"canonical\" href=\"https:\/\/anamariavientos.com\/es\/escuela-de-intercesion-profetica\/\" \/>\n<meta property=\"og:locale\" content=\"es_ES\" \/>\n<meta property=\"og:type\" content=\"article\" \/>\n<meta property=\"og:title\" content=\"ESCUELA DE INTERCESI\u00d3N - Ana Maria Vientos\" \/>\n<meta property=\"og:description\" content=\"Crece en la eficacia y el poder de la intercesi\u00f3n prof\u00e9tica. Nuestro objetivo es equipar, adiestrar, ense\u00f1ar e enviar intercesores prof\u00e9ticos a diferentes posiciones de la iglesia local, ministerios y naciones, a trav\u00e9s de manuales libros y ense\u00f1anzas basadas en el conocimiento b\u00edblico de las escrituras y el reino de &hellip;\" \/>\n<meta property=\"og:url\" content=\"https:\/\/anamariavientos.com\/es\/escuela-de-intercesion-profetica\/\" \/>\n<meta property=\"og:site_name\" content=\"Ana Maria Vientos\" \/>\n<meta property=\"article:modified_time\" content=\"2021-04-23T17:24:10+00:00\" \/>\n<meta property=\"og:image\" content=\"https:\/\/anamariavientos.com\/es\/wp-content\/uploads\/2021\/04\/Sin-titulo-1-5-1170x600.png\" \/>\n<meta name=\"twitter:card\" content=\"summary_large_image\" \/>\n<meta name=\"twitter:label1\" content=\"Tiempo de lectura\" \/>\n\t<meta name=\"twitter:data1\" content=\"2 minutos\" \/>\n<script type=\"application\/ld+json\" class=\"yoast-schema-graph\">{\"@context\":\"https:\/\/schema.org\",\"@graph\":[{\"@type\":\"WebPage\",\"@id\":\"https:\/\/anamariavientos.com\/es\/escuela-de-intercesion-profetica\/\",\"url\":\"https:\/\/anamariavientos.com\/es\/escuela-de-intercesion-profetica\/\",\"name\":\"ESCUELA DE INTERCESI\u00d3N - Ana Maria Vientos\",\"isPartOf\":{\"@id\":\"https:\/\/anamariavientos.com\/es\/#website\"},\"primaryImageOfPage\":{\"@id\":\"https:\/\/anamariavientos.com\/es\/escuela-de-intercesion-profetica\/#primaryimage\"},\"image\":{\"@id\":\"https:\/\/anamariavientos.com\/es\/escuela-de-intercesion-profetica\/#primaryimage\"},\"thumbnailUrl\":\"https:\/\/anamariavientos.com\/es\/wp-content\/uploads\/2021\/04\/Sin-titulo-1-5-1170x600.png\",\"datePublished\":\"2021-04-19T17:54:40+00:00\",\"dateModified\":\"2021-04-23T17:24:10+00:00\",\"breadcrumb\":{\"@id\":\"https:\/\/anamariavientos.com\/es\/escuela-de-intercesion-profetica\/#breadcrumb\"},\"inLanguage\":\"es\",\"potentialAction\":[{\"@type\":\"ReadAction\",\"target\":[\"https:\/\/anamariavientos.com\/es\/escuela-de-intercesion-profetica\/\"]}]},{\"@type\":\"ImageObject\",\"inLanguage\":\"es\",\"@id\":\"https:\/\/anamariavientos.com\/es\/escuela-de-intercesion-profetica\/#primaryimage\",\"url\":\"https:\/\/anamariavientos.com\/es\/wp-content\/uploads\/2021\/04\/Sin-titulo-1-5.png\",\"contentUrl\":\"https:\/\/anamariavientos.com\/es\/wp-content\/uploads\/2021\/04\/Sin-titulo-1-5.png\",\"width\":2064,\"height\":1024},{\"@type\":\"BreadcrumbList\",\"@id\":\"https:\/\/anamariavientos.com\/es\/escuela-de-intercesion-profetica\/#breadcrumb\",\"itemListElement\":[{\"@type\":\"ListItem\",\"position\":1,\"name\":\"Portada\",\"item\":\"https:\/\/anamariavientos.com\/es\/\"},{\"@type\":\"ListItem\",\"position\":2,\"name\":\"ESCUELA DE INTERCESI\u00d3N\"}]},{\"@type\":\"WebSite\",\"@id\":\"https:\/\/anamariavientos.com\/es\/#website\",\"url\":\"https:\/\/anamariavientos.com\/es\/\",\"name\":\"Ana Maria Vientos\",\"description\":\"MINISTRIES\",\"publisher\":{\"@id\":\"https:\/\/anamariavientos.com\/es\/#organization\"},\"potentialAction\":[{\"@type\":\"SearchAction\",\"target\":{\"@type\":\"EntryPoint\",\"urlTemplate\":\"https:\/\/anamariavientos.com\/es\/?s={search_term_string}\"},\"query-input\":{\"@type\":\"PropertyValueSpecification\",\"valueRequired\":true,\"valueName\":\"search_term_string\"}}],\"inLanguage\":\"es\"},{\"@type\":\"Organization\",\"@id\":\"https:\/\/anamariavientos.com\/es\/#organization\",\"name\":\"Ana Maria Vientos\",\"url\":\"https:\/\/anamariavientos.com\/es\/\",\"logo\":{\"@type\":\"ImageObject\",\"inLanguage\":\"es\",\"@id\":\"https:\/\/anamariavientos.com\/es\/#\/schema\/logo\/image\/\",\"url\":\"\",\"contentUrl\":\"\",\"caption\":\"Ana Maria Vientos\"},\"image\":{\"@id\":\"https:\/\/anamariavientos.com\/es\/#\/schema\/logo\/image\/\"}}]}<\/script>\n<!-- \/ Yoast SEO plugin. -->","yoast_head_json":{"title":"ESCUELA DE INTERCESI\u00d3N - Ana Maria Vientos","robots":{"index":"index","follow":"follow","max-snippet":"max-snippet:-1","max-image-preview":"max-image-preview:large","max-video-preview":"max-video-preview:-1"},"canonical":"https:\/\/anamariavientos.com\/es\/escuela-de-intercesion-profetica\/","og_locale":"es_ES","og_type":"article","og_title":"ESCUELA DE INTERCESI\u00d3N - Ana Maria Vientos","og_description":"Crece en la eficacia y el poder de la intercesi\u00f3n prof\u00e9tica. Nuestro objetivo es equipar, adiestrar, ense\u00f1ar e enviar intercesores prof\u00e9ticos a diferentes posiciones de la iglesia local, ministerios y naciones, a trav\u00e9s de manuales libros y ense\u00f1anzas basadas en el conocimiento b\u00edblico de las escrituras y el reino de &hellip;","og_url":"https:\/\/anamariavientos.com\/es\/escuela-de-intercesion-profetica\/","og_site_name":"Ana Maria Vientos","article_modified_time":"2021-04-23T17:24:10+00:00","og_image":[{"url":"https:\/\/anamariavientos.com\/es\/wp-content\/uploads\/2021\/04\/Sin-titulo-1-5-1170x600.png","type":"","width":"","height":""}],"twitter_card":"summary_large_image","twitter_misc":{"Tiempo de lectura":"2 minutos"},"schema":{"@context":"https:\/\/schema.org","@graph":[{"@type":"WebPage","@id":"https:\/\/anamariavientos.com\/es\/escuela-de-intercesion-profetica\/","url":"https:\/\/anamariavientos.com\/es\/escuela-de-intercesion-profetica\/","name":"ESCUELA DE INTERCESI\u00d3N - Ana Maria Vientos","isPartOf":{"@id":"https:\/\/anamariavientos.com\/es\/#website"},"primaryImageOfPage":{"@id":"https:\/\/anamariavientos.com\/es\/escuela-de-intercesion-profetica\/#primaryimage"},"image":{"@id":"https:\/\/anamariavientos.com\/es\/escuela-de-intercesion-profetica\/#primaryimage"},"thumbnailUrl":"https:\/\/anamariavientos.com\/es\/wp-content\/uploads\/2021\/04\/Sin-titulo-1-5-1170x600.png","datePublished":"2021-04-19T17:54:40+00:00","dateModified":"2021-04-23T17:24:10+00:00","breadcrumb":{"@id":"https:\/\/anamariavientos.com\/es\/escuela-de-intercesion-profetica\/#breadcrumb"},"inLanguage":"es","potentialAction":[{"@type":"ReadAction","target":["https:\/\/anamariavientos.com\/es\/escuela-de-intercesion-profetica\/"]}]},{"@type":"ImageObject","inLanguage":"es","@id":"https:\/\/anamariavientos.com\/es\/escuela-de-intercesion-profetica\/#primaryimage","url":"https:\/\/anamariavientos.com\/es\/wp-content\/uploads\/2021\/04\/Sin-titulo-1-5.png","contentUrl":"https:\/\/anamariavientos.com\/es\/wp-content\/uploads\/2021\/04\/Sin-titulo-1-5.png","width":2064,"height":1024},{"@type":"BreadcrumbList","@id":"https:\/\/anamariavientos.com\/es\/escuela-de-intercesion-profetica\/#breadcrumb","itemListElement":[{"@type":"ListItem","position":1,"name":"Portada","item":"https:\/\/anamariavientos.com\/es\/"},{"@type":"ListItem","position":2,"name":"ESCUELA DE INTERCESI\u00d3N"}]},{"@type":"WebSite","@id":"https:\/\/anamariavientos.com\/es\/#website","url":"https:\/\/anamariavientos.com\/es\/","name":"Ana Maria Vientos","description":"MINISTRIES","publisher":{"@id":"https:\/\/anamariavientos.com\/es\/#organization"},"potentialAction":[{"@type":"SearchAction","target":{"@type":"EntryPoint","urlTemplate":"https:\/\/anamariavientos.com\/es\/?s={search_term_string}"},"query-input":{"@type":"PropertyValueSpecification","valueRequired":true,"valueName":"search_term_string"}}],"inLanguage":"es"},{"@type":"Organization","@id":"https:\/\/anamariavientos.com\/es\/#organization","name":"Ana Maria Vientos","url":"https:\/\/anamariavientos.com\/es\/","logo":{"@type":"ImageObject","inLanguage":"es","@id":"https:\/\/anamariavientos.com\/es\/#\/schema\/logo\/image\/","url":"","contentUrl":"","caption":"Ana Maria Vientos"},"image":{"@id":"https:\/\/anamariavientos.com\/es\/#\/schema\/logo\/image\/"}}]}},"jetpack_sharing_enabled":true,"_links":{"self":[{"href":"https:\/\/anamariavientos.com\/es\/wp-json\/wp\/v2\/pages\/104","targetHints":{"allow":["GET"]}}],"collection":[{"href":"https:\/\/anamariavientos.com\/es\/wp-json\/wp\/v2\/pages"}],"about":[{"href":"https:\/\/anamariavientos.com\/es\/wp-json\/wp\/v2\/types\/page"}],"author":[{"embeddable":true,"href":"https:\/\/anamariavientos.com\/es\/wp-json\/wp\/v2\/users\/1"}],"replies":[{"embeddable":true,"href":"https:\/\/anamariavientos.com\/es\/wp-json\/wp\/v2\/comments?post=104"}],"version-history":[{"count":79,"href":"https:\/\/anamariavientos.com\/es\/wp-json\/wp\/v2\/pages\/104\/revisions"}],"predecessor-version":[{"id":1163,"href":"https:\/\/anamariavientos.com\/es\/wp-json\/wp\/v2\/pages\/104\/revisions\/1163"}],"wp:attachment":[{"href":"https:\/\/anamariavientos.com\/es\/wp-json\/wp\/v2\/media?parent=104"}],"curies":[{"name":"wp","href":"https:\/\/api.w.org\/{rel}","templated":true}]}}